{"id":1320,"date":"2020-01-24T00:34:08","date_gmt":"2020-01-24T00:34:08","guid":{"rendered":"https:\/\/juguetesjaku.com\/?post_type=product&#038;p=1320"},"modified":"2021-11-08T22:32:55","modified_gmt":"2021-11-08T22:32:55","slug":"aro-wind","status":"publish","type":"product","link":"https:\/\/juguetesjaku.com\/?product=aro-wind","title":{"rendered":"Aro Wind"},"content":{"rendered":"<p>Aro Wind de 32cm. de di\u00e1metro de la marca Mister Babache de Suiza. Este tipo de aro puede ser jugado inclusive en vientos fuertes gracias a su \u00fanico dise\u00f1o con agujeros alrededor del aro. Disponible en diversos colores llamativos. Precio unitario<\/p>\n","protected":false},"excerpt":{"rendered":"<p>Aro Wind de 32cm. de di\u00e1metro de la marca Mister Babache de Suiza. Este tipo de aro <strong>puede ser jugado inclusive en vientos fuertes<\/strong> gracias a su \u00fanico dise\u00f1o con agujeros alrededor del aro. Disponible en diversos colores llamativos.<\/p>\n<p><strong>*Precio unitario<\/strong><\/p>\n","protected":false},"featured_media":1814,"template":"","meta":{"_acf_changed":false,"_seopress_robots_primary_cat":"none","_seopress_titles_title":"","_seopress_titles_desc":"","_seopress_robots_index":""},"product_brand":[],"product_cat":[61,33],"product_tag":[],"class_list":{"0":"post-1320","1":"product","2":"type-product","3":"status-publish","4":"has-post-thumbnail","6":"product_cat-malabares","7":"product_cat-aros-malabares","8":"pa_color-amarillo","9":"pa_color-azul","10":"pa_color-blanco","11":"pa_color-naranja","12":"pa_color-rojo","13":"pa_marca-mister-babache","14":"pa_precio-31-70","16":"first","17":"instock","18":"shipping-taxable","19":"purchasable","20":"product-type-variable"},"acf":[],"_links":{"self":[{"href":"https:\/\/juguetesjaku.com\/index.php?rest_route=\/wp\/v2\/product\/1320","targetHints":{"allow":["GET"]}}],"collection":[{"href":"https:\/\/juguetesjaku.com\/index.php?rest_route=\/wp\/v2\/product"}],"about":[{"href":"https:\/\/juguetesjaku.com\/index.php?rest_route=\/wp\/v2\/types\/product"}],"wp:featuredmedia":[{"embeddable":true,"href":"https:\/\/juguetesjaku.com\/index.php?rest_route=\/wp\/v2\/media\/1814"}],"wp:attachment":[{"href":"https:\/\/juguetesjaku.com\/index.php?rest_route=%2Fwp%2Fv2%2Fmedia&parent=1320"}],"wp:term":[{"taxonomy":"product_brand","embeddable":true,"href":"https:\/\/juguetesjaku.com\/index.php?rest_route=%2Fwp%2Fv2%2Fproduct_brand&post=1320"},{"taxonomy":"product_cat","embeddable":true,"href":"https:\/\/juguetesjaku.com\/index.php?rest_route=%2Fwp%2Fv2%2Fproduct_cat&post=1320"},{"taxonomy":"product_tag","embeddable":true,"href":"https:\/\/juguetesjaku.com\/index.php?rest_route=%2Fwp%2Fv2%2Fproduct_tag&post=1320"}],"curies":[{"name":"wp","href":"https:\/\/api.w.org\/{rel}","templated":true}]}}