{"id":1348,"date":"2020-01-24T08:55:29","date_gmt":"2020-01-24T08:55:29","guid":{"rendered":"https:\/\/juguetesjaku.com\/?post_type=product&#038;p=1348"},"modified":"2022-12-15T21:18:48","modified_gmt":"2022-12-15T21:18:48","slug":"contact-100mm-pesada","status":"publish","type":"product","link":"https:\/\/juguetesjaku.com\/?product=contact-100mm-pesada","title":{"rendered":"Contact 100mm Pesada"},"content":{"rendered":"<p>Esta pelota de contact 100mm pesada es lo m\u00e1s cercano a las pelotas acr\u00edlicas. Est\u00e1n hechas de pl\u00e1stico pesado que es ligeramente pegajoso lo que las hace f\u00e1cil de manipular a los principiantes. Los colores son realmente brillantes y encantadores; la costura es pr\u00e1cticamente invisible. Muy buena idea para los clientes preocupados por dejar caer sus costosas bolas de acr\u00edlico. Precio unitario.<\/p>\n","protected":false},"excerpt":{"rendered":"<p>Esta pelota de contact 100mm pesada es lo m\u00e1s cercano a las pelotas acr\u00edlicas. Est\u00e1n hechas de pl\u00e1stico pesado que es ligeramente pegajoso lo que las hace f\u00e1cil de manipular a los principiantes. Los colores son realmente brillantes y encantadores; la costura es pr\u00e1cticamente invisible. Muy buena idea para los clientes preocupados por dejar caer sus costosas bolas de acr\u00edlico.<\/p>\n<p>Caracter\u00edsticas: Peso: 300 gr | Di\u00e1metro: 10 cm<\/p>\n<p><strong>*Precio unitario<\/strong><\/p>\n","protected":false},"featured_media":3275,"template":"","meta":{"_acf_changed":false,"_seopress_robots_primary_cat":"none","_seopress_titles_title":"","_seopress_titles_desc":"","_seopress_robots_index":""},"product_brand":[],"product_cat":[61,62,37],"product_tag":[],"class_list":{"0":"post-1348","1":"product","2":"type-product","3":"status-publish","4":"has-post-thumbnail","6":"product_cat-malabares","7":"product_cat-pelotas-contacto","8":"product_cat-pelotas-malabares","9":"pa_color-amarillo","10":"pa_color-verde","11":"pa_marca-jd","12":"pa_precio-71-99","14":"first","15":"instock","16":"shipping-taxable","17":"purchasable","18":"product-type-variable"},"acf":[],"_links":{"self":[{"href":"https:\/\/juguetesjaku.com\/index.php?rest_route=\/wp\/v2\/product\/1348","targetHints":{"allow":["GET"]}}],"collection":[{"href":"https:\/\/juguetesjaku.com\/index.php?rest_route=\/wp\/v2\/product"}],"about":[{"href":"https:\/\/juguetesjaku.com\/index.php?rest_route=\/wp\/v2\/types\/product"}],"wp:featuredmedia":[{"embeddable":true,"href":"https:\/\/juguetesjaku.com\/index.php?rest_route=\/wp\/v2\/media\/3275"}],"wp:attachment":[{"href":"https:\/\/juguetesjaku.com\/index.php?rest_route=%2Fwp%2Fv2%2Fmedia&parent=1348"}],"wp:term":[{"taxonomy":"product_brand","embeddable":true,"href":"https:\/\/juguetesjaku.com\/index.php?rest_route=%2Fwp%2Fv2%2Fproduct_brand&post=1348"},{"taxonomy":"product_cat","embeddable":true,"href":"https:\/\/juguetesjaku.com\/index.php?rest_route=%2Fwp%2Fv2%2Fproduct_cat&post=1348"},{"taxonomy":"product_tag","embeddable":true,"href":"https:\/\/juguetesjaku.com\/index.php?rest_route=%2Fwp%2Fv2%2Fproduct_tag&post=1348"}],"curies":[{"name":"wp","href":"https:\/\/api.w.org\/{rel}","templated":true}]}}