{"id":1349,"date":"2020-01-24T09:09:13","date_gmt":"2020-01-24T09:09:13","guid":{"rendered":"https:\/\/juguetesjaku.com\/?post_type=product&#038;p=1349"},"modified":"2021-11-10T13:26:09","modified_gmt":"2021-11-10T13:26:09","slug":"contact-100mm-play","status":"publish","type":"product","link":"https:\/\/juguetesjaku.com\/?product=contact-100mm-play","title":{"rendered":"Contact 100mm Play"},"content":{"rendered":"<p>La Pelota Contact 100mm de la marca Play es hueca y est\u00e1 hecha de PVC flexible y pegagoso que permite una f\u00e1cil manipulaci\u00f3n. Estas pelotas tienen una visibilidad muy alta y son excelentes para las actuaciones. Precio unitario<\/p>\n","protected":false},"excerpt":{"rendered":"<p>La Pelota Contact 100mm de la marca Play es hueca y est\u00e1 hecha de PVC flexible y pegagoso que permite una f\u00e1cil manipulaci\u00f3n. Esta pelota tiene una visibilidad muy alta y es excelente para las actuaciones. Caracter\u00edsticas: Peso: 200 gr. | Di\u00e1metro: 10 cm<\/p>\n<p><strong>*Precio unitario<\/strong><\/p>\n<p>&nbsp;<\/p>\n","protected":false},"featured_media":3274,"template":"","meta":{"_acf_changed":false,"_seopress_robots_primary_cat":"none","_seopress_titles_title":"","_seopress_titles_desc":"","_seopress_robots_index":""},"product_brand":[],"product_cat":[61,62,37],"product_tag":[],"class_list":{"0":"post-1349","1":"product","2":"type-product","3":"status-publish","4":"has-post-thumbnail","6":"product_cat-malabares","7":"product_cat-pelotas-contacto","8":"product_cat-pelotas-malabares","9":"pa_color-amarillo","10":"pa_color-fucsia","11":"pa_color-naranja","12":"pa_color-verde","13":"pa_marca-play-juggling","14":"pa_precio-31-70","16":"first","17":"instock","18":"shipping-taxable","19":"purchasable","20":"product-type-variable"},"acf":[],"_links":{"self":[{"href":"https:\/\/juguetesjaku.com\/index.php?rest_route=\/wp\/v2\/product\/1349","targetHints":{"allow":["GET"]}}],"collection":[{"href":"https:\/\/juguetesjaku.com\/index.php?rest_route=\/wp\/v2\/product"}],"about":[{"href":"https:\/\/juguetesjaku.com\/index.php?rest_route=\/wp\/v2\/types\/product"}],"wp:featuredmedia":[{"embeddable":true,"href":"https:\/\/juguetesjaku.com\/index.php?rest_route=\/wp\/v2\/media\/3274"}],"wp:attachment":[{"href":"https:\/\/juguetesjaku.com\/index.php?rest_route=%2Fwp%2Fv2%2Fmedia&parent=1349"}],"wp:term":[{"taxonomy":"product_brand","embeddable":true,"href":"https:\/\/juguetesjaku.com\/index.php?rest_route=%2Fwp%2Fv2%2Fproduct_brand&post=1349"},{"taxonomy":"product_cat","embeddable":true,"href":"https:\/\/juguetesjaku.com\/index.php?rest_route=%2Fwp%2Fv2%2Fproduct_cat&post=1349"},{"taxonomy":"product_tag","embeddable":true,"href":"https:\/\/juguetesjaku.com\/index.php?rest_route=%2Fwp%2Fv2%2Fproduct_tag&post=1349"}],"curies":[{"name":"wp","href":"https:\/\/api.w.org\/{rel}","templated":true}]}}