{"id":1350,"date":"2020-01-24T09:39:55","date_gmt":"2020-01-24T09:39:55","guid":{"rendered":"https:\/\/juguetesjaku.com\/?post_type=product&#038;p=1350"},"modified":"2021-08-25T14:45:36","modified_gmt":"2021-08-25T14:45:36","slug":"contact-led-programable","status":"publish","type":"product","link":"https:\/\/juguetesjaku.com\/?product=contact-led-programable","title":{"rendered":"Contact LED Programable"},"content":{"rendered":"<hr \/>\n<p>La pelota Contact LED programable es ideal para malabaristas de contacto que prefieren la manipulaci\u00f3n de una sola bola m\u00e1s grande y buscan un accesorio con el que jugar por la noche. Esta pelota Contact LED tiene un buen agarre, una superficie mate y una distribuci\u00f3n de peso uniforme, lo que la hace ideal para el balanceo del cuerpo y el contacto. Las unidades LED multifuncionales superbrillantes proporcionan una distribuci\u00f3n uniforme de la luz, haciendo que los aislamientos sean m\u00e1s convincentes. La unidad LED multifunci\u00f3n est\u00e1 empotrada dentro de la bola y est\u00e1 oculta debajo de un peque\u00f1o enchufe de pl\u00e1stico que est\u00e1 a ras de la superficie de la bola. Se accede a las diferentes funciones de luz girando la tapa de la bater\u00eda. Cada vez que se apaga y se enciende la bola, la luz pasa a la siguiente funci\u00f3n. Las funciones disponibles son: rojo, verde, azul, amarillo, turquesa, p\u00farpura, naranja, blanco, desvanecimiento de morfosis, cambio de corte de 1 segundo, estroboscopio r\u00e1pido. Esta bola de contacto es alimentada por 3 x pilas de bot\u00f3n LR44. Precio unitario<\/p>\n","protected":false},"excerpt":{"rendered":"<hr \/>\n<p>La pelota Contact LED programable es ideal para malabaristas de contacto que prefieren la manipulaci\u00f3n de una sola bola m\u00e1s grande y buscan un accesorio con el que jugar por la noche. Esta pelota Contact LED tiene un buen agarre, una superficie mate y una distribuci\u00f3n de peso uniforme, lo que la hace ideal para el balanceo del cuerpo y el contacto. Las unidades LED multifuncionales superbrillantes proporcionan una distribuci\u00f3n uniforme de la luz, haciendo que los aislamientos sean m\u00e1s convincentes.<\/p>\n<p>La unidad LED multifunci\u00f3n est\u00e1 empotrada dentro de la bola y est\u00e1 oculta debajo de un peque\u00f1o enchufe de pl\u00e1stico que est\u00e1 a ras de la superficie de la bola. Se accede a las diferentes funciones de luz girando la tapa de la bater\u00eda. Cada vez que se apaga y se enciende la bola, la luz pasa a la siguiente funci\u00f3n. Las funciones disponibles son: rojo, verde, azul, amarillo, turquesa, p\u00farpura, naranja, blanco, desvanecimiento de morfosis, cambio de corte de 1 segundo, estroboscopio r\u00e1pido. Esta bola de contacto es alimentada por 3 x pilas de bot\u00f3n LR44.<\/p>\n<p><strong>*Precio unitario<\/strong><\/p>\n","protected":false},"featured_media":1887,"template":"","meta":{"_acf_changed":false,"_seopress_robots_primary_cat":"none","_seopress_titles_title":"","_seopress_titles_desc":"","_seopress_robots_index":""},"product_brand":[],"product_cat":[178,20,61,62,37],"product_tag":[],"class_list":{"0":"post-1350","1":"product","2":"type-product","3":"status-publish","4":"has-post-thumbnail","6":"product_cat-ofertas","7":"product_cat-malabares-led","8":"product_cat-malabares","9":"product_cat-pelotas-contacto","10":"product_cat-pelotas-malabares","11":"pa_color-multicolor","12":"pa_marca-jaku","13":"pa_precio-100-mas","15":"first","16":"instock","17":"sale","18":"shipping-taxable","19":"purchasable","20":"product-type-simple"},"acf":[],"_links":{"self":[{"href":"https:\/\/juguetesjaku.com\/index.php?rest_route=\/wp\/v2\/product\/1350","targetHints":{"allow":["GET"]}}],"collection":[{"href":"https:\/\/juguetesjaku.com\/index.php?rest_route=\/wp\/v2\/product"}],"about":[{"href":"https:\/\/juguetesjaku.com\/index.php?rest_route=\/wp\/v2\/types\/product"}],"wp:featuredmedia":[{"embeddable":true,"href":"https:\/\/juguetesjaku.com\/index.php?rest_route=\/wp\/v2\/media\/1887"}],"wp:attachment":[{"href":"https:\/\/juguetesjaku.com\/index.php?rest_route=%2Fwp%2Fv2%2Fmedia&parent=1350"}],"wp:term":[{"taxonomy":"product_brand","embeddable":true,"href":"https:\/\/juguetesjaku.com\/index.php?rest_route=%2Fwp%2Fv2%2Fproduct_brand&post=1350"},{"taxonomy":"product_cat","embeddable":true,"href":"https:\/\/juguetesjaku.com\/index.php?rest_route=%2Fwp%2Fv2%2Fproduct_cat&post=1350"},{"taxonomy":"product_tag","embeddable":true,"href":"https:\/\/juguetesjaku.com\/index.php?rest_route=%2Fwp%2Fv2%2Fproduct_tag&post=1350"}],"curies":[{"name":"wp","href":"https:\/\/api.w.org\/{rel}","templated":true}]}}