{"id":15246,"date":"2023-10-17T02:53:05","date_gmt":"2023-10-17T02:53:05","guid":{"rendered":"https:\/\/juguetesjaku.com\/?post_type=product&#038;p=15246"},"modified":"2024-04-21T23:03:52","modified_gmt":"2024-04-21T23:03:52","slug":"yoyo-edge","status":"publish","type":"product","link":"https:\/\/juguetesjaku.com\/?product=yoyo-edge","title":{"rendered":"Yoyo Edge"},"content":{"rendered":"<p>Hablemos del yoy\u00f3 EDGE. Es un yoy\u00f3 de pl\u00e1stico extremadamente bueno y probablemente el yoy\u00f3 perfecto para la mayor\u00eda de personas.<\/p>\n<p>Moldeado en policarbonato con un s\u00f3lido n\u00facleo de aluminio y su inclinaci\u00f3n por los trucos masivos. Es grande, ancho y potente, capaz de aguantar todo lo que le echen. Gira con los dedos como un campe\u00f3n.<\/p>\n<p>Sin duda alguna, el mejor yoy\u00f3 para hacer la mayor cantidad de trucos.<\/p>\n","protected":false},"excerpt":{"rendered":"<p>Hablemos del yoy\u00f3 EDGE. Es un yoy\u00f3 de pl\u00e1stico extremadamente bueno y probablemente el yoy\u00f3 perfecto para la mayor\u00eda de personas.<\/p>\n<p>Moldeado en policarbonato con un s\u00f3lido n\u00facleo de aluminio y su inclinaci\u00f3n por los trucos masivos. Es grande, ancho y potente, capaz de aguantar todo lo que le echen. Gira con los dedos como un campe\u00f3n.<\/p>\n<p>Sin duda alguna, el mejor yoy\u00f3 para hacer la mayor cantidad de trucos.<\/p>\n","protected":false},"featured_media":15253,"template":"","meta":{"_acf_changed":false,"_seopress_robots_primary_cat":"none","_seopress_titles_title":"%%post_title%% %%sep%% %%sitetitle%%","_seopress_titles_desc":"Hablemos del yoy\u00f3 EDGE. Es un yoy\u00f3 de pl\u00e1stico extremadamente bueno y probablemente el yoy\u00f3 perfecto para la mayor\u00eda de personas.","_seopress_robots_index":""},"product_brand":[],"product_cat":[227,178,123,74],"product_tag":[],"class_list":{"0":"post-15246","1":"product","2":"type-product","3":"status-publish","4":"has-post-thumbnail","6":"product_cat-nuevos-juguetes","7":"product_cat-ofertas","8":"product_cat-yoyos","9":"product_cat-juguetes-destreza","10":"pa_color-azul","11":"pa_color-blanco","12":"pa_color-verde","13":"pa_marca-yoyofactory","14":"pa_precio-100-mas","16":"first","17":"instock","18":"sale","19":"shipping-taxable","20":"purchasable","21":"product-type-variable"},"acf":[],"_links":{"self":[{"href":"https:\/\/juguetesjaku.com\/index.php?rest_route=\/wp\/v2\/product\/15246","targetHints":{"allow":["GET"]}}],"collection":[{"href":"https:\/\/juguetesjaku.com\/index.php?rest_route=\/wp\/v2\/product"}],"about":[{"href":"https:\/\/juguetesjaku.com\/index.php?rest_route=\/wp\/v2\/types\/product"}],"wp:featuredmedia":[{"embeddable":true,"href":"https:\/\/juguetesjaku.com\/index.php?rest_route=\/wp\/v2\/media\/15253"}],"wp:attachment":[{"href":"https:\/\/juguetesjaku.com\/index.php?rest_route=%2Fwp%2Fv2%2Fmedia&parent=15246"}],"wp:term":[{"taxonomy":"product_brand","embeddable":true,"href":"https:\/\/juguetesjaku.com\/index.php?rest_route=%2Fwp%2Fv2%2Fproduct_brand&post=15246"},{"taxonomy":"product_cat","embeddable":true,"href":"https:\/\/juguetesjaku.com\/index.php?rest_route=%2Fwp%2Fv2%2Fproduct_cat&post=15246"},{"taxonomy":"product_tag","embeddable":true,"href":"https:\/\/juguetesjaku.com\/index.php?rest_route=%2Fwp%2Fv2%2Fproduct_tag&post=15246"}],"curies":[{"name":"wp","href":"https:\/\/api.w.org\/{rel}","templated":true}]}}