{"id":15263,"date":"2023-10-17T03:11:08","date_gmt":"2023-10-17T03:11:08","guid":{"rendered":"https:\/\/juguetesjaku.com\/?post_type=product&#038;p=15263"},"modified":"2023-10-17T03:12:20","modified_gmt":"2023-10-17T03:12:20","slug":"yoyo-replay-pro-2","status":"publish","type":"product","link":"https:\/\/juguetesjaku.com\/?product=yoyo-replay-pro-2","title":{"rendered":"Yoyo Replay PRO"},"content":{"rendered":"<p>Ha sido un objetivo y un sue\u00f1o a largo plazo de Gentry Stein tener su nombre detr\u00e1s de un yoyo de pl\u00e1stico de bajo precio. \u00a1Nos complace anunciar que Gentry ha logrado este objetivo con el Replay Pro! Este modelo ha estado en desarrollo durante casi un a\u00f1o, centr\u00e1ndose en el rendimiento del Campe\u00f3n del Mundo, una durabilidad extrema y un precio bajo. El Replay Pro est\u00e1 fabricado con policarbonato resistente y utiliza un rodamiento Center Trac.<\/p>\n","protected":false},"excerpt":{"rendered":"<p>Ha sido un objetivo y un sue\u00f1o a largo plazo de Gentry Stein tener su nombre detr\u00e1s de un yoyo de pl\u00e1stico de bajo precio. \u00a1Nos complace anunciar que Gentry ha logrado este objetivo con el Replay Pro! Este modelo ha estado en desarrollo durante casi un a\u00f1o, centr\u00e1ndose en el rendimiento del Campe\u00f3n del Mundo, una durabilidad extrema y un precio bajo. El Replay Pro est\u00e1 fabricado con policarbonato resistente y utiliza un rodamiento Center Trac.<\/p>\n","protected":false},"featured_media":15267,"template":"","meta":{"_acf_changed":false,"_seopress_robots_primary_cat":"none","_seopress_titles_title":"%%post_title%% %%sep%% %%sitetitle%%","_seopress_titles_desc":"El Replay Pro est\u00e1 fabricado con policarbonato resistente y utiliza un rodamiento Center Trac.","_seopress_robots_index":""},"product_brand":[],"product_cat":[227,178,123,74],"product_tag":[],"class_list":{"0":"post-15263","1":"product","2":"type-product","3":"status-publish","4":"has-post-thumbnail","6":"product_cat-nuevos-juguetes","7":"product_cat-ofertas","8":"product_cat-yoyos","9":"product_cat-juguetes-destreza","10":"pa_color-naranja","11":"pa_color-verde","12":"pa_marca-yoyofactory","13":"pa_precio-100-mas","15":"first","16":"instock","17":"sale","18":"shipping-taxable","19":"purchasable","20":"product-type-variable"},"acf":[],"_links":{"self":[{"href":"https:\/\/juguetesjaku.com\/index.php?rest_route=\/wp\/v2\/product\/15263","targetHints":{"allow":["GET"]}}],"collection":[{"href":"https:\/\/juguetesjaku.com\/index.php?rest_route=\/wp\/v2\/product"}],"about":[{"href":"https:\/\/juguetesjaku.com\/index.php?rest_route=\/wp\/v2\/types\/product"}],"wp:featuredmedia":[{"embeddable":true,"href":"https:\/\/juguetesjaku.com\/index.php?rest_route=\/wp\/v2\/media\/15267"}],"wp:attachment":[{"href":"https:\/\/juguetesjaku.com\/index.php?rest_route=%2Fwp%2Fv2%2Fmedia&parent=15263"}],"wp:term":[{"taxonomy":"product_brand","embeddable":true,"href":"https:\/\/juguetesjaku.com\/index.php?rest_route=%2Fwp%2Fv2%2Fproduct_brand&post=15263"},{"taxonomy":"product_cat","embeddable":true,"href":"https:\/\/juguetesjaku.com\/index.php?rest_route=%2Fwp%2Fv2%2Fproduct_cat&post=15263"},{"taxonomy":"product_tag","embeddable":true,"href":"https:\/\/juguetesjaku.com\/index.php?rest_route=%2Fwp%2Fv2%2Fproduct_tag&post=15263"}],"curies":[{"name":"wp","href":"https:\/\/api.w.org\/{rel}","templated":true}]}}