{"id":1734,"date":"2020-01-27T09:15:52","date_gmt":"2020-01-27T09:15:52","guid":{"rendered":"https:\/\/juguetesjaku.com\/?post_type=product&#038;p=1734"},"modified":"2021-08-25T14:20:32","modified_gmt":"2021-08-25T14:20:32","slug":"diabolo-fuego","status":"publish","type":"product","link":"https:\/\/juguetesjaku.com\/?product=diabolo-fuego","title":{"rendered":"Diabolo de Fuego FJ"},"content":{"rendered":"<p>El Diabolo de Fuego FJ es perfecto para diabolistas profesionales que quieren algo diferente y buscan formar figuras de fuego en la oscuridad. A diferencia de los diabolos normales, este est\u00e1 hecho de pl\u00e1stico o jebe, los diabolos de fuego est\u00e1n hechos de metal y deben ser jugando usando una cuerda especial de kevlar. Se recomienda no usar ropa sint\u00e9tica o larga durante el juego, recuerda que este juguete es s\u00f3lo para profesionales. Sin duda alguna, el Diabolo de Fuego FJ es algo que no debe faltar dentro de tu utiler\u00eda de malabares. No incluye baquetas, te recomendamos visitar la secci\u00f3n baquetas de diabolo y escoger las que m\u00e1s se acoplen a tus necesidades.<\/p>\n","protected":false},"excerpt":{"rendered":"<p>El Diabolo de Fuego FJ es perfecto para diabolistas profesionales que quieren algo diferente y buscan formar figuras de fuego en la oscuridad. A diferencia de los diabolos normales, este est\u00e1 hecho de pl\u00e1stico o jebe, los diabolos de fuego est\u00e1n hechos de metal y deben ser jugando usando una cuerda especial de kevlar.<\/p>\n<p>Se recomienda no usar ropa sint\u00e9tica o larga durante el juego, recuerda que este juguete es s\u00f3lo para profesionales. Sin duda alguna, el Diabolo de Fuego FJ es algo que no debe faltar dentro de tu utiler\u00eda de malabares.<\/p>\n<p>*El diabolo viene en una bolsa roja e<strong> incluye una cuerda de kevlar y un pomo para guardar el combustible. <\/strong><strong>No incluye baquetas de diabolo<\/strong>, te recomendamos visitar la secci\u00f3n <a href=\"https:\/\/juguetesjaku.com\/tienda-malabares\/diabolos\/baquetas-diabolo\/\"><em><strong>baquetas de diabolo<\/strong><\/em><\/a> y escoger las que m\u00e1s se acoplen a tus necesidades.<\/p>\n","protected":false},"featured_media":1878,"template":"","meta":{"_acf_changed":false,"_seopress_robots_primary_cat":"none","_seopress_titles_title":"","_seopress_titles_desc":"","_seopress_robots_index":""},"product_brand":[],"product_cat":[136,42,91,92],"product_tag":[],"class_list":{"0":"post-1734","1":"product","2":"type-product","3":"status-publish","4":"has-post-thumbnail","6":"product_cat-malabares-fuego","7":"product_cat-diabolos","8":"product_cat-diabolos-intermedios","9":"product_cat-diabolos-profesionales","10":"pa_color-multicolor","11":"pa_marca-fyrefli","12":"pa_precio-100-mas","14":"first","15":"instock","16":"shipping-taxable","17":"purchasable","18":"product-type-simple"},"acf":[],"_links":{"self":[{"href":"https:\/\/juguetesjaku.com\/index.php?rest_route=\/wp\/v2\/product\/1734","targetHints":{"allow":["GET"]}}],"collection":[{"href":"https:\/\/juguetesjaku.com\/index.php?rest_route=\/wp\/v2\/product"}],"about":[{"href":"https:\/\/juguetesjaku.com\/index.php?rest_route=\/wp\/v2\/types\/product"}],"wp:featuredmedia":[{"embeddable":true,"href":"https:\/\/juguetesjaku.com\/index.php?rest_route=\/wp\/v2\/media\/1878"}],"wp:attachment":[{"href":"https:\/\/juguetesjaku.com\/index.php?rest_route=%2Fwp%2Fv2%2Fmedia&parent=1734"}],"wp:term":[{"taxonomy":"product_brand","embeddable":true,"href":"https:\/\/juguetesjaku.com\/index.php?rest_route=%2Fwp%2Fv2%2Fproduct_brand&post=1734"},{"taxonomy":"product_cat","embeddable":true,"href":"https:\/\/juguetesjaku.com\/index.php?rest_route=%2Fwp%2Fv2%2Fproduct_cat&post=1734"},{"taxonomy":"product_tag","embeddable":true,"href":"https:\/\/juguetesjaku.com\/index.php?rest_route=%2Fwp%2Fv2%2Fproduct_tag&post=1734"}],"curies":[{"name":"wp","href":"https:\/\/api.w.org\/{rel}","templated":true}]}}