{"id":2117,"date":"2020-02-02T15:34:51","date_gmt":"2020-02-02T15:34:51","guid":{"rendered":"https:\/\/juguetesjaku.com\/?post_type=product&#038;p=2117"},"modified":"2022-12-10T08:42:24","modified_gmt":"2022-12-10T08:42:24","slug":"diabolo-led-rodaje-mediano","status":"publish","type":"product","link":"https:\/\/juguetesjaku.com\/?product=diabolo-led-rodaje-mediano","title":{"rendered":"Diabolo LED Rodaje Mediano"},"content":{"rendered":"<p>El Diabolo LED Rodaje Mediano como su nombre lo dice, tiene un tama\u00f1o intermedio e incluye un sistema LED. Su peso lo hace ideal para jugadores principiantes e intermedios de todas las edades y es la opci\u00f3n perfecta para cualquiera que busque un di\u00e1bolo LED a un buen precio. El Diabolo LED Rodaje Mediano viene con un kit de luces LED instalado en cada lado, estos cambian de color y resaltan debido a las copas transl\u00facidas, haciendo que todo el di\u00e1bolo brille. Las copas son duras y resistentes a los ara\u00f1azos, adem\u00e1s que dan una excelente distribuci\u00f3n del peso. Cada kit de LED utiliza 3 pilas de bot\u00f3n LR44. No incluye baquetas de diabolo, te recomendamos visitar la secci\u00f3n baquetas de diabolo y escoger la que m\u00e1s que acople a tus necesidades.<\/p>\n","protected":false},"excerpt":{"rendered":"<p>El Diabolo LED Rodaje Mediano como su nombre lo dice, tiene un tama\u00f1o intermedio e incluye un sistema LED. Su peso lo hace ideal para jugadores principiantes e intermedios de todas las edades y es la opci\u00f3n perfecta para cualquiera que busque un di\u00e1bolo LED a un buen precio. El Diabolo LED Rodaje Mediano viene con un kit de luces LED instalado en cada lado, estos cambian de color y resaltan debido a las copas transl\u00facidas, haciendo que todo el di\u00e1bolo brille. Las copas son duras y resistentes a los ara\u00f1azos, adem\u00e1s que dan una excelente distribuci\u00f3n del peso. Cada kit de LED utiliza 3 pilas de bot\u00f3n LR44.<\/p>\n<p><strong>*No incluye baquetas de diabolo<\/strong>, te recomendamos visitar la secci\u00f3n <a href=\"https:\/\/juguetesjaku.com\/tienda-malabares\/diabolos\/baquetas-diabolo\/\"><strong><em>baquetas de diabolo<\/em><\/strong><\/a> y escoger la que m\u00e1s que acople a tus necesidades.<\/p>\n","protected":false},"featured_media":3185,"template":"","meta":{"_acf_changed":false,"_seopress_robots_primary_cat":"none","_seopress_titles_title":"","_seopress_titles_desc":"","_seopress_robots_index":""},"product_brand":[],"product_cat":[42,90,20],"product_tag":[],"class_list":{"0":"post-2117","1":"product","2":"type-product","3":"status-publish","4":"has-post-thumbnail","6":"product_cat-diabolos","7":"product_cat-diabolos-basicos","8":"product_cat-malabares-led","9":"pa_color-multicolor","10":"pa_marca-jd","11":"pa_precio-100-mas","13":"first","14":"instock","15":"shipping-taxable","16":"purchasable","17":"product-type-simple"},"acf":[],"_links":{"self":[{"href":"https:\/\/juguetesjaku.com\/index.php?rest_route=\/wp\/v2\/product\/2117","targetHints":{"allow":["GET"]}}],"collection":[{"href":"https:\/\/juguetesjaku.com\/index.php?rest_route=\/wp\/v2\/product"}],"about":[{"href":"https:\/\/juguetesjaku.com\/index.php?rest_route=\/wp\/v2\/types\/product"}],"wp:featuredmedia":[{"embeddable":true,"href":"https:\/\/juguetesjaku.com\/index.php?rest_route=\/wp\/v2\/media\/3185"}],"wp:attachment":[{"href":"https:\/\/juguetesjaku.com\/index.php?rest_route=%2Fwp%2Fv2%2Fmedia&parent=2117"}],"wp:term":[{"taxonomy":"product_brand","embeddable":true,"href":"https:\/\/juguetesjaku.com\/index.php?rest_route=%2Fwp%2Fv2%2Fproduct_brand&post=2117"},{"taxonomy":"product_cat","embeddable":true,"href":"https:\/\/juguetesjaku.com\/index.php?rest_route=%2Fwp%2Fv2%2Fproduct_cat&post=2117"},{"taxonomy":"product_tag","embeddable":true,"href":"https:\/\/juguetesjaku.com\/index.php?rest_route=%2Fwp%2Fv2%2Fproduct_tag&post=2117"}],"curies":[{"name":"wp","href":"https:\/\/api.w.org\/{rel}","templated":true}]}}