{"id":2118,"date":"2020-02-02T15:46:11","date_gmt":"2020-02-02T15:46:11","guid":{"rendered":"https:\/\/juguetesjaku.com\/?post_type=product&#038;p=2118"},"modified":"2022-12-20T17:31:18","modified_gmt":"2022-12-20T17:31:18","slug":"diabolo-rodaje-top","status":"publish","type":"product","link":"https:\/\/juguetesjaku.com\/?product=diabolo-rodaje-top","title":{"rendered":"Diabolo Rodaje Top"},"content":{"rendered":"<p>El Diabolo Rodaje Top ofrece una fant\u00e1stica relaci\u00f3n calidad-precio. Este tiene un eje de rodaje y conos abiertos que permiten un juego f\u00e1cil, asimismo, las copas tienen un acabado fino brillante. El Diabolo Rodaje Top es la opci\u00f3n de inicio perfecta para cualquiera que busque un di\u00e1bolo del eje de rodaje con un precio bajo. No incluye baquetas de diabolo, te recomendamos visitar la secci\u00f3n baquetas de diabolo y escoger las que m\u00e1s se acoplen a tus necesidades.<\/p>\n","protected":false},"excerpt":{"rendered":"<p>El Diabolo Rodaje Top ofrece una fant\u00e1stica relaci\u00f3n calidad-precio. Este tiene un eje de rodaje y conos abiertos que permiten un juego f\u00e1cil, asimismo, las copas tienen un acabado fino brillante. El Diabolo Rodaje Top es la opci\u00f3n de inicio perfecta para cualquiera que busque un di\u00e1bolo del eje de rodaje con un precio bajo.<\/p>\n<p><strong>*No incluye baquetas<\/strong>, te recomendamos visitar la secci\u00f3n <a href=\"https:\/\/juguetesjaku.com\/tienda-malabares\/diabolos\/baquetas-diabolo\/\"><em><strong>baquetas de diabolo<\/strong><\/em><\/a> y escoger las que m\u00e1s se acoplen a tus necesidades.<\/p>\n","protected":false},"featured_media":6433,"template":"","meta":{"_acf_changed":false,"_seopress_robots_primary_cat":"none","_seopress_titles_title":"","_seopress_titles_desc":"","_seopress_robots_index":""},"product_brand":[],"product_cat":[42,91,92],"product_tag":[],"class_list":{"0":"post-2118","1":"product","2":"type-product","3":"status-publish","4":"has-post-thumbnail","6":"product_cat-diabolos","7":"product_cat-diabolos-intermedios","8":"product_cat-diabolos-profesionales","9":"pa_color-azul","10":"pa_color-morado","11":"pa_color-naranja","12":"pa_color-rojo","13":"pa_color-verde","14":"pa_marca-jd","15":"pa_precio-71-99","17":"first","18":"instock","19":"shipping-taxable","20":"purchasable","21":"product-type-variable"},"acf":[],"_links":{"self":[{"href":"https:\/\/juguetesjaku.com\/index.php?rest_route=\/wp\/v2\/product\/2118","targetHints":{"allow":["GET"]}}],"collection":[{"href":"https:\/\/juguetesjaku.com\/index.php?rest_route=\/wp\/v2\/product"}],"about":[{"href":"https:\/\/juguetesjaku.com\/index.php?rest_route=\/wp\/v2\/types\/product"}],"wp:featuredmedia":[{"embeddable":true,"href":"https:\/\/juguetesjaku.com\/index.php?rest_route=\/wp\/v2\/media\/6433"}],"wp:attachment":[{"href":"https:\/\/juguetesjaku.com\/index.php?rest_route=%2Fwp%2Fv2%2Fmedia&parent=2118"}],"wp:term":[{"taxonomy":"product_brand","embeddable":true,"href":"https:\/\/juguetesjaku.com\/index.php?rest_route=%2Fwp%2Fv2%2Fproduct_brand&post=2118"},{"taxonomy":"product_cat","embeddable":true,"href":"https:\/\/juguetesjaku.com\/index.php?rest_route=%2Fwp%2Fv2%2Fproduct_cat&post=2118"},{"taxonomy":"product_tag","embeddable":true,"href":"https:\/\/juguetesjaku.com\/index.php?rest_route=%2Fwp%2Fv2%2Fproduct_tag&post=2118"}],"curies":[{"name":"wp","href":"https:\/\/api.w.org\/{rel}","templated":true}]}}