{"id":2155,"date":"2020-02-03T08:23:57","date_gmt":"2020-02-03T08:23:57","guid":{"rendered":"https:\/\/juguetesjaku.com\/?post_type=product&#038;p=2155"},"modified":"2021-08-25T12:57:03","modified_gmt":"2021-08-25T12:57:03","slug":"flowerstick-neon","status":"publish","type":"product","link":"https:\/\/juguetesjaku.com\/?product=flowerstick-neon","title":{"rendered":"Flowerstick Neon"},"content":{"rendered":"<p>El Flowerstick Neon es una versi\u00f3n UV super brillante. Tanto el palo principal como las baquetas est\u00e1n cubiertas con un tubo de silicona de alta adhesi\u00f3n,\u00a0 que brillar\u00e1 intensamente mientras se expone a la luz ultravioleta directa. Este material tambi\u00e9n reaccionar\u00e1 a los rayos UV en la luz de espectro normal y brillar\u00e1 intensamente al anochecer. Con 41,5 cm de largo (65 cm con flores), el Flowerstick Neon es lo suficientemente largo como para permitir movimientos corporales avanzados. Podr\u00e1s lograra trucos como rizos de brazo, cola de pescado, detr\u00e1s del helic\u00f3ptero trasero, otros.\u00a0 Este tipo de golo es perfecto para principiantes al no moverse igual de r\u00e1pido que un devilstick. Incluye baquetas<\/p>\n","protected":false},"excerpt":{"rendered":"<p>El Flowerstick Neon es una versi\u00f3n UV super brillante. Tanto el palo principal como las baquetas est\u00e1n cubiertas con un tubo de silicona de alta adhesi\u00f3n,\u00a0 que brillar\u00e1 intensamente mientras se expone a la luz ultravioleta directa. Este material tambi\u00e9n reaccionar\u00e1 a los rayos UV en la luz de espectro normal y brillar\u00e1 intensamente al anochecer. Con 41,5 cm de largo (65 cm con flores), el Flowerstick Neon es lo suficientemente largo como para permitir movimientos corporales avanzados. Podr\u00e1s lograra trucos como rizos de brazo, cola de pescado, detr\u00e1s del helic\u00f3ptero trasero, otros.\u00a0 Este tipo de golo es perfecto para principiantes al no moverse igual de r\u00e1pido que un devilstick.<\/p>\n<p><strong>*Incluye baquetas<\/strong><\/p>\n","protected":false},"featured_media":3034,"template":"","meta":{"_acf_changed":false,"_seopress_robots_primary_cat":"none","_seopress_titles_title":"","_seopress_titles_desc":"","_seopress_robots_index":""},"product_brand":[],"product_cat":[137,59],"product_tag":[],"class_list":{"0":"post-2155","1":"product","2":"type-product","3":"status-publish","4":"has-post-thumbnail","6":"product_cat-juguetes-giro","7":"product_cat-golos-malabares","8":"pa_color-amarillo","9":"pa_color-fucsia","10":"pa_color-naranja","11":"pa_color-verde","12":"pa_marca-jd","13":"pa_precio-100-mas","15":"first","16":"instock","17":"sale","18":"shipping-taxable","19":"purchasable","20":"product-type-variable"},"acf":[],"_links":{"self":[{"href":"https:\/\/juguetesjaku.com\/index.php?rest_route=\/wp\/v2\/product\/2155","targetHints":{"allow":["GET"]}}],"collection":[{"href":"https:\/\/juguetesjaku.com\/index.php?rest_route=\/wp\/v2\/product"}],"about":[{"href":"https:\/\/juguetesjaku.com\/index.php?rest_route=\/wp\/v2\/types\/product"}],"wp:featuredmedia":[{"embeddable":true,"href":"https:\/\/juguetesjaku.com\/index.php?rest_route=\/wp\/v2\/media\/3034"}],"wp:attachment":[{"href":"https:\/\/juguetesjaku.com\/index.php?rest_route=%2Fwp%2Fv2%2Fmedia&parent=2155"}],"wp:term":[{"taxonomy":"product_brand","embeddable":true,"href":"https:\/\/juguetesjaku.com\/index.php?rest_route=%2Fwp%2Fv2%2Fproduct_brand&post=2155"},{"taxonomy":"product_cat","embeddable":true,"href":"https:\/\/juguetesjaku.com\/index.php?rest_route=%2Fwp%2Fv2%2Fproduct_cat&post=2155"},{"taxonomy":"product_tag","embeddable":true,"href":"https:\/\/juguetesjaku.com\/index.php?rest_route=%2Fwp%2Fv2%2Fproduct_tag&post=2155"}],"curies":[{"name":"wp","href":"https:\/\/api.w.org\/{rel}","templated":true}]}}