{"id":2158,"date":"2020-02-03T08:46:23","date_gmt":"2020-02-03T08:46:23","guid":{"rendered":"https:\/\/juguetesjaku.com\/?post_type=product&#038;p=2158"},"modified":"2021-12-09T02:58:53","modified_gmt":"2021-12-09T02:58:53","slug":"flowerstick-fuego","status":"publish","type":"product","link":"https:\/\/juguetesjaku.com\/?product=flowerstick-fuego","title":{"rendered":"Flowerstick de Fuego"},"content":{"rendered":"<p>El Flowerstick de Fuego es uno de los accesorios de mayor rendimiento que vendemos. El palo principal est\u00e1 hecho de fibra de vidrio, que es resistente, pero lo suficientemente flexible para rebotes de rodilla y patadas. Est\u00e1 envuelto con silicona que proporciona un excelente agarre. El flowerstick es ralentizado con flores de silicona resistentes al calor que a\u00f1aden estabilidad. Cada extremo est\u00e1 cubierto con una gran cabeza de kevlar de 25mm que arde hasta 5 minutos.<\/p>\n<p>\u00a1Este es un Flowerstick de Fuego de clase mundial a un gran precio!<\/p>\n<p>Por favor, recuerden que las flores de silicona son resistentes al calor, pero no a prueba de fuego. Si sigues estas pautas, tu palo puede durar cientos de quemaduras.<br \/>\n- No sostengas el palo en posici\u00f3n vertical. Mant\u00e9ngalo girando o mant\u00e9ngalo en posici\u00f3n horizontal.<br \/>\n- Mant\u00e9n la silicona lejos del l\u00edquido del fuego.<br \/>\n- La silicona puede volverse resbaladiza en ambientes fr\u00edos o h\u00famedos.<br \/>\n- Puedes patear el palo principal, pero no olvides que no es tu enemigo.<\/p>\n<p>*Incluye baquetas<\/p>\n","protected":false},"excerpt":{"rendered":"<p>El Flower Stick de Fuego es uno de los accesorios de mayor rendimiento que vendemos. El palo principal est\u00e1 hecho de fibra de vidrio, que es resistente, pero lo suficientemente flexible para rebotes de rodilla y patadas. Est\u00e1 envuelto con silicona que proporciona un excelente agarre. El flower stick es ralentizado con flores de silicona resistentes al calor que a\u00f1aden estabilidad. Cada extremo est\u00e1 cubierto con una gran cabeza de kevlar de 25mm que arde hasta 5 minutos.<\/p>\n<p>\u00a1Este es un Flower Stick de Fuego de clase mundial a un gran precio!<\/p>\n<p>Por favor, recuerden que las flores de silicona son resistentes al calor pero no a prueba de fuego. Si sigues estas pautas, tu palo puede durar cientos de quemaduras.<br \/>\n- No sostengas el palo en posici\u00f3n vertical. Mant\u00e9ngalo girando o mant\u00e9ngalo en posici\u00f3n horizontal.<br \/>\n- Mant\u00e9n la silicona lejos del l\u00edquido del fuego.<br \/>\n- La silicona puede volverse resbaladiza en ambientes fr\u00edos o h\u00famedos.<br \/>\n- Puedes patear el palo principal, pero no olvides que no es tu enemigo.<\/p>\n<p><strong>*Incluye baquetas<\/strong><\/p>\n","protected":false},"featured_media":3035,"template":"","meta":{"_acf_changed":false,"_seopress_robots_primary_cat":"","_seopress_titles_title":"","_seopress_titles_desc":"","_seopress_robots_index":""},"product_brand":[],"product_cat":[136,137,59],"product_tag":[],"class_list":{"0":"post-2158","1":"product","2":"type-product","3":"status-publish","4":"has-post-thumbnail","6":"product_cat-malabares-fuego","7":"product_cat-juguetes-giro","8":"product_cat-golos-malabares","10":"first","11":"instock","12":"shipping-taxable","13":"purchasable","14":"product-type-simple"},"acf":[],"_links":{"self":[{"href":"https:\/\/juguetesjaku.com\/index.php?rest_route=\/wp\/v2\/product\/2158","targetHints":{"allow":["GET"]}}],"collection":[{"href":"https:\/\/juguetesjaku.com\/index.php?rest_route=\/wp\/v2\/product"}],"about":[{"href":"https:\/\/juguetesjaku.com\/index.php?rest_route=\/wp\/v2\/types\/product"}],"wp:featuredmedia":[{"embeddable":true,"href":"https:\/\/juguetesjaku.com\/index.php?rest_route=\/wp\/v2\/media\/3035"}],"wp:attachment":[{"href":"https:\/\/juguetesjaku.com\/index.php?rest_route=%2Fwp%2Fv2%2Fmedia&parent=2158"}],"wp:term":[{"taxonomy":"product_brand","embeddable":true,"href":"https:\/\/juguetesjaku.com\/index.php?rest_route=%2Fwp%2Fv2%2Fproduct_brand&post=2158"},{"taxonomy":"product_cat","embeddable":true,"href":"https:\/\/juguetesjaku.com\/index.php?rest_route=%2Fwp%2Fv2%2Fproduct_cat&post=2158"},{"taxonomy":"product_tag","embeddable":true,"href":"https:\/\/juguetesjaku.com\/index.php?rest_route=%2Fwp%2Fv2%2Fproduct_tag&post=2158"}],"curies":[{"name":"wp","href":"https:\/\/api.w.org\/{rel}","templated":true}]}}