{"id":2170,"date":"2020-02-03T17:48:04","date_gmt":"2020-02-03T17:48:04","guid":{"rendered":"https:\/\/juguetesjaku.com\/?post_type=product&#038;p=2170"},"modified":"2023-10-17T02:56:23","modified_gmt":"2023-10-17T02:56:23","slug":"yoyo-lizard","status":"publish","type":"product","link":"https:\/\/juguetesjaku.com\/?product=yoyo-lizard","title":{"rendered":"Yoyo Lizard"},"content":{"rendered":"<p>El yoyo Lizard de la marca Henry es un yoyo para principiantes, pero como es de esperar de estos profesionales de los juguetes de habilidad, funciona fant\u00e1sticamente.<\/p>\n<p>Este yoyo tiene una cubierta transparente de colores muy fr\u00edos montada con anillos de goma blanda en el exterior, lo que ayuda a proteger el yoyo durante los lanzamientos fallidos.<\/p>\n<p>El yoyo Lizard tambi\u00e9n utiliza el sistema AXYS de Henry, lo que significa que el rodamiento en el coraz\u00f3n del yoyo puede ser actualizado en un momento posterior (puedes considerar cargarlo con el kit de Speed Explosion como una actualizaci\u00f3n mortal).<\/p>\n<p>El Lizard est\u00e1 montado con un eje transversal de pl\u00e1stico, lo que le facilitar\u00e1 el sue\u00f1o. Lo mejor de todo es que, al igual que el yoyo Viper, el Lizard puede modificar su comportamiento aflojando y apretando las copas, lo que permite que el yoyo se transforme de un yoyo de bucle r\u00e1pido a un yoyo durmiente y sensible con un simple movimiento de mu\u00f1eca.<\/p>\n","protected":false},"excerpt":{"rendered":"<p>El yoyo Lizard de la marca Henry es un yoyo para principiantes, pero como es de esperar de estos profesionales de los juguetes de habilidad, funciona fant\u00e1sticamente. Este yoyo tiene una cubierta transparente de colores muy fr\u00edos montada con anillos de goma blanda en el exterior, lo que ayuda a proteger el yoyo durante los lanzamientos fallidos.<\/p>\n<p>El yoyo Lizard tambi\u00e9n utiliza el sistema AXYS de Henry, lo que significa que el rodamiento en el coraz\u00f3n del yoyo puede ser actualizado en un momento posterior (puedes considerar cargarlo con el kit de Speed Explosion como una actualizaci\u00f3n mortal). El Lizard est\u00e1 montado con un eje transversal de pl\u00e1stico, lo que le facilitar\u00e1 el sue\u00f1o. Lo mejor de todo es que, al igual que el yoyo Viper, el Lizard puede modificar su comportamiento aflojando y apretando las copas, lo que permite que el yoyo se transforme de un yoyo de bucle r\u00e1pido a un yoyo durmiente y sensible con un simple movimiento de mu\u00f1eca.<\/p>\n","protected":false},"featured_media":8569,"template":"","meta":{"_acf_changed":false,"_seopress_robots_primary_cat":"none","_seopress_titles_title":"","_seopress_titles_desc":"El yoyo Lizard de la marca Henry es un yoyo para principiantes que con un s\u00f3lo giro cambia de responsive a unresponsive. Es un yoyo top!","_seopress_robots_index":""},"product_brand":[],"product_cat":[227,123,74],"product_tag":[],"class_list":{"0":"post-2170","1":"product","2":"type-product","3":"status-publish","4":"has-post-thumbnail","6":"product_cat-nuevos-juguetes","7":"product_cat-yoyos","8":"product_cat-juguetes-destreza","9":"pa_color-amarillo","10":"pa_color-azul","11":"pa_color-naranja","12":"pa_color-rojo","13":"pa_color-verde","14":"pa_marca-henrys","15":"pa_precio-100-mas","17":"first","18":"instock","19":"shipping-taxable","20":"purchasable","21":"product-type-variable"},"acf":[],"_links":{"self":[{"href":"https:\/\/juguetesjaku.com\/index.php?rest_route=\/wp\/v2\/product\/2170","targetHints":{"allow":["GET"]}}],"collection":[{"href":"https:\/\/juguetesjaku.com\/index.php?rest_route=\/wp\/v2\/product"}],"about":[{"href":"https:\/\/juguetesjaku.com\/index.php?rest_route=\/wp\/v2\/types\/product"}],"wp:featuredmedia":[{"embeddable":true,"href":"https:\/\/juguetesjaku.com\/index.php?rest_route=\/wp\/v2\/media\/8569"}],"wp:attachment":[{"href":"https:\/\/juguetesjaku.com\/index.php?rest_route=%2Fwp%2Fv2%2Fmedia&parent=2170"}],"wp:term":[{"taxonomy":"product_brand","embeddable":true,"href":"https:\/\/juguetesjaku.com\/index.php?rest_route=%2Fwp%2Fv2%2Fproduct_brand&post=2170"},{"taxonomy":"product_cat","embeddable":true,"href":"https:\/\/juguetesjaku.com\/index.php?rest_route=%2Fwp%2Fv2%2Fproduct_cat&post=2170"},{"taxonomy":"product_tag","embeddable":true,"href":"https:\/\/juguetesjaku.com\/index.php?rest_route=%2Fwp%2Fv2%2Fproduct_tag&post=2170"}],"curies":[{"name":"wp","href":"https:\/\/api.w.org\/{rel}","templated":true}]}}