{"id":2183,"date":"2020-02-03T18:05:58","date_gmt":"2020-02-03T18:05:58","guid":{"rendered":"https:\/\/juguetesjaku.com\/?post_type=product&#038;p=2183"},"modified":"2022-12-10T08:24:27","modified_gmt":"2022-12-10T08:24:27","slug":"kendama-royal","status":"publish","type":"product","link":"https:\/\/juguetesjaku.com\/?product=kendama-royal","title":{"rendered":"Kendama Royal"},"content":{"rendered":"<p>El Kendama Royal es uno de los pocos modelos en el mundo aprobado para clasificaciones y juegos de competici\u00f3n por la BKA. El modelo de Kendama fue un concepto hecho realidad por un equipo de profesionales y entusiastas de la kendama, dise\u00f1ado con el clicker contempor\u00e1neo en mente. El Kendama tiene ra\u00edces en el Jap\u00f3n hist\u00f3rico, pero ahora se juega y se practica en todo el mundo. Este rinde homenaje a los or\u00edgenes japoneses, el Kendama Royal est\u00e1 dise\u00f1ado para afinar el equilibrio y la concentraci\u00f3n, as\u00ed como para encender la imaginaci\u00f3n. Con este Kendama las posibilidades de trucos son infinitas; atrapadas, lanzadas, clavadas y paradas. \u00a1Es hora de ponerse en marcha! Este incre\u00edble Kendama fue dise\u00f1ado en conjunto con The Void - el primer occidental en alcanzar el grado de 5\u00ba dan y 2 veces campe\u00f3n del Abierto Brit\u00e1nico. Disponible en una elegante caja de presentaci\u00f3n con euro gancho.<\/p>\n","protected":false},"excerpt":{"rendered":"<p>El Kendama Royal es uno de los pocos modelos en el mundo aprobado para clasificaciones y juegos de competici\u00f3n por la BKA. El modelo de Kendama fue un concepto hecho realidad por un equipo de profesionales y entusiastas de la kendama, dise\u00f1ado con el clicker contempor\u00e1neo en mente.<\/p>\n<p>El Kendama tiene ra\u00edces en el Jap\u00f3n hist\u00f3rico, pero ahora se juega y se practica en todo el mundo, rinde homenaje a los or\u00edgenes japoneses, el Kendama Royal est\u00e1 dise\u00f1ado para afinar el equilibrio y la concentraci\u00f3n, as\u00ed como para encender la imaginaci\u00f3n. Con este Kendama las posibilidades de trucos son infinitas; atrapadas, lanzadas, clavadas y paradas. \u00a1Es hora de ponerse en marcha!<\/p>\n<p>Este incre\u00edble Kendama fue dise\u00f1ado en conjunto con The Void - el primer occidental en alcanzar el grado de 5\u00ba dan y 2 veces campe\u00f3n del Abierto Brit\u00e1nico. Disponible en una elegante caja de presentaci\u00f3n con euro gancho.<\/p>\n","protected":false},"featured_media":3133,"template":"","meta":{"_acf_changed":false,"_seopress_robots_primary_cat":"none","_seopress_titles_title":"","_seopress_titles_desc":"","_seopress_robots_index":""},"product_brand":[],"product_cat":[124,178,74],"product_tag":[],"class_list":{"0":"post-2183","1":"product","2":"type-product","3":"status-publish","4":"has-post-thumbnail","6":"product_cat-kendamas","7":"product_cat-ofertas","8":"product_cat-juguetes-destreza","9":"pa_color-azul","10":"pa_color-negro","11":"pa_color-rojo","12":"pa_color-verde","13":"pa_marca-jd","14":"pa_precio-71-99","16":"first","17":"instock","18":"sale","19":"shipping-taxable","20":"purchasable","21":"product-type-variable"},"acf":[],"_links":{"self":[{"href":"https:\/\/juguetesjaku.com\/index.php?rest_route=\/wp\/v2\/product\/2183","targetHints":{"allow":["GET"]}}],"collection":[{"href":"https:\/\/juguetesjaku.com\/index.php?rest_route=\/wp\/v2\/product"}],"about":[{"href":"https:\/\/juguetesjaku.com\/index.php?rest_route=\/wp\/v2\/types\/product"}],"wp:featuredmedia":[{"embeddable":true,"href":"https:\/\/juguetesjaku.com\/index.php?rest_route=\/wp\/v2\/media\/3133"}],"wp:attachment":[{"href":"https:\/\/juguetesjaku.com\/index.php?rest_route=%2Fwp%2Fv2%2Fmedia&parent=2183"}],"wp:term":[{"taxonomy":"product_brand","embeddable":true,"href":"https:\/\/juguetesjaku.com\/index.php?rest_route=%2Fwp%2Fv2%2Fproduct_brand&post=2183"},{"taxonomy":"product_cat","embeddable":true,"href":"https:\/\/juguetesjaku.com\/index.php?rest_route=%2Fwp%2Fv2%2Fproduct_cat&post=2183"},{"taxonomy":"product_tag","embeddable":true,"href":"https:\/\/juguetesjaku.com\/index.php?rest_route=%2Fwp%2Fv2%2Fproduct_tag&post=2183"}],"curies":[{"name":"wp","href":"https:\/\/api.w.org\/{rel}","templated":true}]}}