{"id":2191,"date":"2020-02-03T19:00:00","date_gmt":"2020-02-03T19:00:00","guid":{"rendered":"https:\/\/juguetesjaku.com\/?post_type=product&#038;p=2191"},"modified":"2023-11-21T15:26:35","modified_gmt":"2023-11-21T15:26:35","slug":"baquetas-glass","status":"publish","type":"product","link":"https:\/\/juguetesjaku.com\/?product=baquetas-glass","title":{"rendered":"Baquetas Glass"},"content":{"rendered":"<p>Las Baquetas Glass para diabolo est\u00e1n hechas de fibra de vidrio y ofrecen un rendimiento excepcional a un gran precio. Si quieres mejorar tu juego b\u00e1sico de palos de madera, este es un buen lugar para empezar. Estas baquetas son fuertes, ligeras y vienen equipadas con c\u00f3modos mangos acolchados de EVA. Son adecuadas para usuarios de todas las habilidades y edades. El mango liso y ligeramente flexible se presta muy bien para triturar y lanzar trucos. Las Baquetas Glass vienen equipadas con alrededor de 1,5 m de cuerda. Esto se desgastar\u00e1 naturalmente con el tiempo. Eche un vistazo a nuestra gran gama de cuerda de di\u00e1bolo en la secci\u00f3n accesorios de diabolos.<\/p>\n","protected":false},"excerpt":{"rendered":"<p>Las Baquetas Glass est\u00e1n hechas de fibra de vidrio y ofrecen un rendimiento excepcional a un gran precio. Si quieres mejorar tu juego b\u00e1sico de palos de madera, este es un buen lugar para empezar. Estas baquetas son fuertes, ligeras y vienen equipadas con c\u00f3modos mangos acolchados de EVA. Son adecuadas para usuarios de todas las habilidades y edades. El mango liso y ligeramente flexible se presta muy bien para triturar y lanzar trucos. Las Baquetas Glass vienen equipadas con alrededor de 1,5 m de cuerda. Esto se desgastar\u00e1 naturalmente con el tiempo. Eche un vistazo a nuestra gran gama de cuerda de di\u00e1bolo en la secci\u00f3n accesorios de diabolos.<\/p>\n","protected":false},"featured_media":3192,"template":"","meta":{"_acf_changed":false,"_seopress_robots_primary_cat":"none","_seopress_titles_title":"","_seopress_titles_desc":"","_seopress_robots_index":""},"product_brand":[],"product_cat":[117,42],"product_tag":[],"class_list":{"0":"post-2191","1":"product","2":"type-product","3":"status-publish","4":"has-post-thumbnail","6":"product_cat-baquetas-diabolo","7":"product_cat-diabolos","8":"pa_color-azul","9":"pa_color-blanco","10":"pa_color-fucsia","11":"pa_color-multicolor","12":"pa_color-naranja","13":"pa_color-negro","14":"pa_color-rojo","15":"pa_color-verde","17":"first","18":"instock","19":"shipping-taxable","20":"purchasable","21":"product-type-variable"},"acf":[],"_links":{"self":[{"href":"https:\/\/juguetesjaku.com\/index.php?rest_route=\/wp\/v2\/product\/2191","targetHints":{"allow":["GET"]}}],"collection":[{"href":"https:\/\/juguetesjaku.com\/index.php?rest_route=\/wp\/v2\/product"}],"about":[{"href":"https:\/\/juguetesjaku.com\/index.php?rest_route=\/wp\/v2\/types\/product"}],"wp:featuredmedia":[{"embeddable":true,"href":"https:\/\/juguetesjaku.com\/index.php?rest_route=\/wp\/v2\/media\/3192"}],"wp:attachment":[{"href":"https:\/\/juguetesjaku.com\/index.php?rest_route=%2Fwp%2Fv2%2Fmedia&parent=2191"}],"wp:term":[{"taxonomy":"product_brand","embeddable":true,"href":"https:\/\/juguetesjaku.com\/index.php?rest_route=%2Fwp%2Fv2%2Fproduct_brand&post=2191"},{"taxonomy":"product_cat","embeddable":true,"href":"https:\/\/juguetesjaku.com\/index.php?rest_route=%2Fwp%2Fv2%2Fproduct_cat&post=2191"},{"taxonomy":"product_tag","embeddable":true,"href":"https:\/\/juguetesjaku.com\/index.php?rest_route=%2Fwp%2Fv2%2Fproduct_tag&post=2191"}],"curies":[{"name":"wp","href":"https:\/\/api.w.org\/{rel}","templated":true}]}}