{"id":2242,"date":"2020-02-03T23:10:51","date_gmt":"2020-02-03T23:10:51","guid":{"rendered":"https:\/\/juguetesjaku.com\/?post_type=product&#038;p=2242"},"modified":"2023-12-20T01:31:44","modified_gmt":"2023-12-20T01:31:44","slug":"yoyo-madera","status":"publish","type":"product","link":"https:\/\/juguetesjaku.com\/?product=yoyo-madera","title":{"rendered":"Yoyo b\u00e1sico JK"},"content":{"rendered":"<p>Este Yoyo Madera es un modelo b\u00e1sico de eje fijo de la marca Jaku. Como su nombre lo dice, est\u00e1 hecho de madera, en una s\u00f3la pieza arce lacado con bordes suavemente redondeados. Este yoyo es simple pero muy divertido. Este art\u00edculo es \u00fanico, un juguete tradicional de madera que rinde homenaje a los yoyos de anta\u00f1o. Disponible en 5 colores: rojo, azul, amarillo y blanco, as\u00ed como en madera natural. Presentaci\u00f3n suelta.<\/p>\n","protected":false},"excerpt":{"rendered":"<p>Este Yoyo Madera es un modelo b\u00e1sico de eje fijo de la marca Jaku. Como su nombre lo dice, est\u00e1 hecho de madera, en una s\u00f3la pieza arce lacado con bordes suavemente redondeados. Este yoyo es simple pero muy divertido. Este art\u00edculo es \u00fanico, un juguete tradicional de madera que rinde homenaje a los yoyos de anta\u00f1o. Disponible en 5 colores: rojo, azul, amarillo y blanco, as\u00ed como en madera natural. Presentaci\u00f3n suelta.<\/p>\n<p><strong>*Presentaci\u00f3n suelta<\/strong><\/p>\n","protected":false},"featured_media":6994,"template":"","meta":{"_acf_changed":false,"_seopress_robots_primary_cat":"none","_seopress_titles_title":"","_seopress_titles_desc":"Este Yoyo Madera es un modelo b\u00e1sico de eje fijo de la marca Jaku.","_seopress_robots_index":""},"product_brand":[],"product_cat":[123,74],"product_tag":[],"class_list":{"0":"post-2242","1":"product","2":"type-product","3":"status-publish","4":"has-post-thumbnail","6":"product_cat-yoyos","7":"product_cat-juguetes-destreza","8":"pa_color-amarillo","9":"pa_color-azul","10":"pa_color-rojo","11":"pa_marca-jaku","13":"first","14":"instock","15":"shipping-taxable","16":"purchasable","17":"product-type-variable"},"acf":[],"_links":{"self":[{"href":"https:\/\/juguetesjaku.com\/index.php?rest_route=\/wp\/v2\/product\/2242","targetHints":{"allow":["GET"]}}],"collection":[{"href":"https:\/\/juguetesjaku.com\/index.php?rest_route=\/wp\/v2\/product"}],"about":[{"href":"https:\/\/juguetesjaku.com\/index.php?rest_route=\/wp\/v2\/types\/product"}],"wp:featuredmedia":[{"embeddable":true,"href":"https:\/\/juguetesjaku.com\/index.php?rest_route=\/wp\/v2\/media\/6994"}],"wp:attachment":[{"href":"https:\/\/juguetesjaku.com\/index.php?rest_route=%2Fwp%2Fv2%2Fmedia&parent=2242"}],"wp:term":[{"taxonomy":"product_brand","embeddable":true,"href":"https:\/\/juguetesjaku.com\/index.php?rest_route=%2Fwp%2Fv2%2Fproduct_brand&post=2242"},{"taxonomy":"product_cat","embeddable":true,"href":"https:\/\/juguetesjaku.com\/index.php?rest_route=%2Fwp%2Fv2%2Fproduct_cat&post=2242"},{"taxonomy":"product_tag","embeddable":true,"href":"https:\/\/juguetesjaku.com\/index.php?rest_route=%2Fwp%2Fv2%2Fproduct_tag&post=2242"}],"curies":[{"name":"wp","href":"https:\/\/api.w.org\/{rel}","templated":true}]}}