{"id":2245,"date":"2020-02-04T00:19:10","date_gmt":"2020-02-04T00:19:10","guid":{"rendered":"https:\/\/juguetesjaku.com\/?post_type=product&#038;p=2245"},"modified":"2021-11-24T10:00:12","modified_gmt":"2021-11-24T10:00:12","slug":"rebote-remolino-55m","status":"publish","type":"product","link":"https:\/\/juguetesjaku.com\/?product=rebote-remolino-55m","title":{"rendered":"Rebote Remolino 55mm"},"content":{"rendered":"<p>La pelota de rebote 55mm remolino rebota tan alto o m\u00e1s alto que la mayor\u00eda de las pelotas de silicona. Su dise\u00f1o \u00fanico hace que resalte de cualquier otro modelo de pelotas de rebote. Debido a su tama\u00f1o de 55mm de di\u00e1metro, es ideal para jugar con 5 o m\u00e1s pelotas. Precio unitario.<\/p>\n","protected":false},"excerpt":{"rendered":"<p>La pelota de rebote 55mm remolino rebota tan alto o m\u00e1s alto que la mayor\u00eda de las pelotas de silicona. Su dise\u00f1o \u00fanico hace que resalte de cualquier otro modelo de pelotas de rebote. Debido a su tama\u00f1o de 55mm de di\u00e1metro, es ideal para jugar con 5 o m\u00e1s pelotas.<\/p>\n<p><strong>*Precio unitario.<\/strong><\/p>\n","protected":false},"featured_media":3153,"template":"","meta":{"_acf_changed":false,"_seopress_robots_primary_cat":"none","_seopress_titles_title":"","_seopress_titles_desc":"","_seopress_robots_index":""},"product_brand":[],"product_cat":[61,37],"product_tag":[],"class_list":{"0":"post-2245","1":"product","2":"type-product","3":"status-publish","4":"has-post-thumbnail","6":"product_cat-malabares","7":"product_cat-pelotas-malabares","8":"pa_color-azul","9":"pa_color-naranja","10":"pa_color-rojo","11":"pa_color-verde","12":"pa_marca-jd","13":"pa_precio-31-70","15":"first","16":"instock","17":"shipping-taxable","18":"purchasable","19":"product-type-variable"},"acf":[],"_links":{"self":[{"href":"https:\/\/juguetesjaku.com\/index.php?rest_route=\/wp\/v2\/product\/2245","targetHints":{"allow":["GET"]}}],"collection":[{"href":"https:\/\/juguetesjaku.com\/index.php?rest_route=\/wp\/v2\/product"}],"about":[{"href":"https:\/\/juguetesjaku.com\/index.php?rest_route=\/wp\/v2\/types\/product"}],"wp:featuredmedia":[{"embeddable":true,"href":"https:\/\/juguetesjaku.com\/index.php?rest_route=\/wp\/v2\/media\/3153"}],"wp:attachment":[{"href":"https:\/\/juguetesjaku.com\/index.php?rest_route=%2Fwp%2Fv2%2Fmedia&parent=2245"}],"wp:term":[{"taxonomy":"product_brand","embeddable":true,"href":"https:\/\/juguetesjaku.com\/index.php?rest_route=%2Fwp%2Fv2%2Fproduct_brand&post=2245"},{"taxonomy":"product_cat","embeddable":true,"href":"https:\/\/juguetesjaku.com\/index.php?rest_route=%2Fwp%2Fv2%2Fproduct_cat&post=2245"},{"taxonomy":"product_tag","embeddable":true,"href":"https:\/\/juguetesjaku.com\/index.php?rest_route=%2Fwp%2Fv2%2Fproduct_tag&post=2245"}],"curies":[{"name":"wp","href":"https:\/\/api.w.org\/{rel}","templated":true}]}}