{"id":2294,"date":"2020-02-04T10:44:07","date_gmt":"2020-02-04T10:44:07","guid":{"rendered":"https:\/\/juguetesjaku.com\/?post_type=product&#038;p=2294"},"modified":"2023-10-17T02:25:31","modified_gmt":"2023-10-17T02:25:31","slug":"set-plato-chino-henrys","status":"publish","type":"product","link":"https:\/\/juguetesjaku.com\/?product=set-plato-chino-henrys","title":{"rendered":"Set Plato Chino Henrys"},"content":{"rendered":"<p>Set Plato Chino marca Henrys de Alemania. El plato tiene un dise\u00f1o \u00fanico y el material es sumamente resistente a ca\u00eddas.<\/p>\n<p>El set incluye un plato, un manual y un palito de madera desarmable y enrroscable.<\/p>\n<p>La presentanci\u00f3n es una caja\u00a0 de cart\u00f3n.<\/p>\n","protected":false},"excerpt":{"rendered":"<p>Set Plato Chino marca Henrys de Alemania. El plato tiene un dise\u00f1o \u00fanico y el material es sumamente resistente a ca\u00eddas.<\/p>\n<p>La presentanci\u00f3n es una caja\u00a0 de cart\u00f3n.<\/p>\n<p><strong>*El set incluye un plato, un manual y un palito de madera desarmable y enrroscable.<\/strong><\/p>\n","protected":false},"featured_media":6897,"template":"","meta":{"_acf_changed":false,"_seopress_robots_primary_cat":"none","_seopress_titles_title":"","_seopress_titles_desc":"Set Plato Chino marca Henrys de Alemania. El plato tiene un dise\u00f1o \u00fanico y el material es sumamente resistente a ca\u00eddas.","_seopress_robots_index":""},"product_brand":[],"product_cat":[137,178,68],"product_tag":[],"class_list":{"0":"post-2294","1":"product","2":"type-product","3":"status-publish","4":"has-post-thumbnail","6":"product_cat-juguetes-giro","7":"product_cat-ofertas","8":"product_cat-platos-chinos","9":"pa_color-amarillo","10":"pa_color-azul","11":"pa_color-morado","12":"pa_color-naranja","13":"pa_color-rojo","14":"pa_color-turquesa","15":"pa_color-verde","16":"pa_marca-henrys","17":"pa_precio-31-70","19":"first","20":"instock","21":"sale","22":"shipping-taxable","23":"purchasable","24":"product-type-variable"},"acf":[],"_links":{"self":[{"href":"https:\/\/juguetesjaku.com\/index.php?rest_route=\/wp\/v2\/product\/2294","targetHints":{"allow":["GET"]}}],"collection":[{"href":"https:\/\/juguetesjaku.com\/index.php?rest_route=\/wp\/v2\/product"}],"about":[{"href":"https:\/\/juguetesjaku.com\/index.php?rest_route=\/wp\/v2\/types\/product"}],"wp:featuredmedia":[{"embeddable":true,"href":"https:\/\/juguetesjaku.com\/index.php?rest_route=\/wp\/v2\/media\/6897"}],"wp:attachment":[{"href":"https:\/\/juguetesjaku.com\/index.php?rest_route=%2Fwp%2Fv2%2Fmedia&parent=2294"}],"wp:term":[{"taxonomy":"product_brand","embeddable":true,"href":"https:\/\/juguetesjaku.com\/index.php?rest_route=%2Fwp%2Fv2%2Fproduct_brand&post=2294"},{"taxonomy":"product_cat","embeddable":true,"href":"https:\/\/juguetesjaku.com\/index.php?rest_route=%2Fwp%2Fv2%2Fproduct_cat&post=2294"},{"taxonomy":"product_tag","embeddable":true,"href":"https:\/\/juguetesjaku.com\/index.php?rest_route=%2Fwp%2Fv2%2Fproduct_tag&post=2294"}],"curies":[{"name":"wp","href":"https:\/\/api.w.org\/{rel}","templated":true}]}}