{"id":3040,"date":"2020-02-15T18:05:02","date_gmt":"2020-02-15T18:05:02","guid":{"rendered":"https:\/\/juguetesjaku.com\/?post_type=product&#038;p=3040"},"modified":"2023-12-20T20:37:18","modified_gmt":"2023-12-20T20:37:18","slug":"boomerang-pro","status":"publish","type":"product","link":"https:\/\/juguetesjaku.com\/?product=boomerang-pro","title":{"rendered":"Boomerang Pro"},"content":{"rendered":"<p>El Boomerang Pro semi profesional est\u00e1 hecho de pl\u00e1stico, disponible en diversos colores. Este boomerang tiene una excelente relaci\u00f3n calidad - precio. Hecho en Alemania.<\/p>\n","protected":false},"excerpt":{"rendered":"<p>El Boomerang Pro semi profesional est\u00e1 hecho de pl\u00e1stico, disponible en diversos colores. Este boomerang tiene una excelente relaci\u00f3n calidad - precio. Hecho en Alemania.<\/p>\n","protected":false},"featured_media":3026,"template":"","meta":{"_acf_changed":false,"_seopress_robots_primary_cat":"none","_seopress_titles_title":"","_seopress_titles_desc":"El Boomerang Pro semi profesional est\u00e1 hecho de pl\u00e1stico, disponible en diversos colores.","_seopress_robots_index":""},"product_brand":[],"product_cat":[134,178,74],"product_tag":[],"class_list":{"0":"post-3040","1":"product","2":"type-product","3":"status-publish","4":"has-post-thumbnail","6":"product_cat-boomerangs","7":"product_cat-ofertas","8":"product_cat-juguetes-destreza","9":"pa_color-amarillo","10":"pa_color-fucsia","11":"pa_color-naranja","12":"pa_color-negro","13":"pa_color-verde","14":"pa_marca-diversas","15":"pa_precio-31-70","17":"first","18":"instock","19":"sale","20":"shipping-taxable","21":"purchasable","22":"product-type-variable"},"acf":[],"_links":{"self":[{"href":"https:\/\/juguetesjaku.com\/index.php?rest_route=\/wp\/v2\/product\/3040","targetHints":{"allow":["GET"]}}],"collection":[{"href":"https:\/\/juguetesjaku.com\/index.php?rest_route=\/wp\/v2\/product"}],"about":[{"href":"https:\/\/juguetesjaku.com\/index.php?rest_route=\/wp\/v2\/types\/product"}],"wp:featuredmedia":[{"embeddable":true,"href":"https:\/\/juguetesjaku.com\/index.php?rest_route=\/wp\/v2\/media\/3026"}],"wp:attachment":[{"href":"https:\/\/juguetesjaku.com\/index.php?rest_route=%2Fwp%2Fv2%2Fmedia&parent=3040"}],"wp:term":[{"taxonomy":"product_brand","embeddable":true,"href":"https:\/\/juguetesjaku.com\/index.php?rest_route=%2Fwp%2Fv2%2Fproduct_brand&post=3040"},{"taxonomy":"product_cat","embeddable":true,"href":"https:\/\/juguetesjaku.com\/index.php?rest_route=%2Fwp%2Fv2%2Fproduct_cat&post=3040"},{"taxonomy":"product_tag","embeddable":true,"href":"https:\/\/juguetesjaku.com\/index.php?rest_route=%2Fwp%2Fv2%2Fproduct_tag&post=3040"}],"curies":[{"name":"wp","href":"https:\/\/api.w.org\/{rel}","templated":true}]}}