{"id":333,"date":"2019-08-07T13:44:01","date_gmt":"2019-08-07T13:44:01","guid":{"rendered":"https:\/\/juguetesjaku.com\/?post_type=product&#038;p=333"},"modified":"2022-12-22T15:36:45","modified_gmt":"2022-12-22T15:36:45","slug":"clava-chapulin","status":"publish","type":"product","link":"https:\/\/juguetesjaku.com\/?product=clava-chapulin","title":{"rendered":"Clava Chapulin"},"content":{"rendered":"<p>Te presetamos la Clava Chapulin para malabares marca Jaku, una clava ultra resistente a ca\u00eddas y desarrollada para los malabaristas m\u00e1s exigentes. Tiene un mango liso, su alma es 100% pl\u00e1stica con agujeros para la reducci\u00f3n de peso y sus regatones son de caucho. Literalmente es una clava que te durar\u00e1 toda la vida y lo mejor es su relaci\u00f3n calidad-precio. Precio unitario<\/p>\n","protected":false},"excerpt":{"rendered":"<p>Te presetamos la Clava Chapulin para malabares marca Jaku, una clava ultra resistente a ca\u00eddas y desarrollada para los malabaristas m\u00e1s exigentes. Tiene un mango liso, su alma es 100% pl\u00e1stica con agujeros para la reducci\u00f3n de peso y sus regatones son de caucho. Literalmente es una clava que te durar\u00e1 toda la vida y lo mejor es su relaci\u00f3n calidad-precio.<\/p>\n<p><strong>*Precio unitario<\/strong><\/p>\n","protected":false},"featured_media":1826,"template":"","meta":{"_acf_changed":false,"_seopress_robots_primary_cat":"none","_seopress_titles_title":"","_seopress_titles_desc":"","_seopress_robots_index":""},"product_brand":[],"product_cat":[61,32],"product_tag":[],"class_list":{"0":"post-333","1":"product","2":"type-product","3":"status-publish","4":"has-post-thumbnail","6":"product_cat-malabares","7":"product_cat-clavas-malabares","8":"pa_color-amarillo","9":"pa_color-fucsia","10":"pa_color-naranja","11":"pa_color-verde","12":"pa_marca-jaku","13":"pa_precio-31-70","15":"first","16":"instock","17":"shipping-taxable","18":"purchasable","19":"product-type-variable","20":"has-default-attributes"},"acf":[],"_links":{"self":[{"href":"https:\/\/juguetesjaku.com\/index.php?rest_route=\/wp\/v2\/product\/333","targetHints":{"allow":["GET"]}}],"collection":[{"href":"https:\/\/juguetesjaku.com\/index.php?rest_route=\/wp\/v2\/product"}],"about":[{"href":"https:\/\/juguetesjaku.com\/index.php?rest_route=\/wp\/v2\/types\/product"}],"wp:featuredmedia":[{"embeddable":true,"href":"https:\/\/juguetesjaku.com\/index.php?rest_route=\/wp\/v2\/media\/1826"}],"wp:attachment":[{"href":"https:\/\/juguetesjaku.com\/index.php?rest_route=%2Fwp%2Fv2%2Fmedia&parent=333"}],"wp:term":[{"taxonomy":"product_brand","embeddable":true,"href":"https:\/\/juguetesjaku.com\/index.php?rest_route=%2Fwp%2Fv2%2Fproduct_brand&post=333"},{"taxonomy":"product_cat","embeddable":true,"href":"https:\/\/juguetesjaku.com\/index.php?rest_route=%2Fwp%2Fv2%2Fproduct_cat&post=333"},{"taxonomy":"product_tag","embeddable":true,"href":"https:\/\/juguetesjaku.com\/index.php?rest_route=%2Fwp%2Fv2%2Fproduct_tag&post=333"}],"curies":[{"name":"wp","href":"https:\/\/api.w.org\/{rel}","templated":true}]}}