{"id":5435,"date":"2020-11-16T12:58:03","date_gmt":"2020-11-16T12:58:03","guid":{"rendered":"https:\/\/juguetesjaku.com\/?post_type=product&#038;p=5435"},"modified":"2022-12-10T08:51:52","modified_gmt":"2022-12-10T08:51:52","slug":"diabolo-vision","status":"publish","type":"product","link":"https:\/\/juguetesjaku.com\/?product=diabolo-vision","title":{"rendered":"Diabolo Vision"},"content":{"rendered":"<p>El diabolo Vision ha sido un elemento b\u00e1sico de la gama de di\u00e1bolos de Henry\u00b4s durante muchos a\u00f1os, pero recientemente se ha redise\u00f1ado para que cumpla con las demandas de los jugadores de di\u00e1bolos contempor\u00e1neos.<\/p>\n<p>En muchos sentidos, el diabolo Vision es considerado un modelo de \"puente\" para jugadores progresistas.<\/p>\n<p>El d\u00edametro de las copas es grande pero la ligereza general significa que este modelo ser\u00eda perfecto para los jugadores j\u00f3venes avanzados que prefieren di\u00e1bolos de eje fijo.<\/p>\n<p>Este diabolo viene ahora montado con un kit de afinaci\u00f3n de pl\u00e1stico m\u00e1s ancho como est\u00e1ndar, lo que significa que se presta muy bien para el juego de dedos y el juego de di\u00e1bolos m\u00faltiples.<\/p>\n<p>Henry\u00b4s tambi\u00e9n considera que este es quiz\u00e1s el di\u00e1bolo m\u00e1s estable para jugar en Vertax.<\/p>\n<p>Las copas del Vision est\u00e1n hechas de uretano opaco y escarchado, el mismo material que se usa en las ruedas de los monopatines.<\/p>\n<p>Esto lo hace muy resistente.<\/p>\n<p>El di\u00e1bolo Vision es compatible con todos los kits de afinaci\u00f3n de Henry\u00b4s.<\/p>\n","protected":false},"excerpt":{"rendered":"<p>El diabolo Vision ha sido un elemento b\u00e1sico de la gama de di\u00e1bolos de Henrys durante muchos a\u00f1os, pero recientemente se ha redise\u00f1ado para que cumpla con las demandas de los jugadores de di\u00e1bolos contempor\u00e1neos. Este diabolo viene ahora montado con un kit de afinaci\u00f3n de pl\u00e1stico m\u00e1s ancho como est\u00e1ndar, lo que significa que se presta muy bien para el juego de dedos y el juego de di\u00e1bolos m\u00faltiples. Henrys tambi\u00e9n considera que este es quiz\u00e1s el di\u00e1bolo m\u00e1s estable para jugar en Vertax. El di\u00e1bolo Vision es compatible con todos los kits de afinaci\u00f3n de Henrys.<\/p>\n","protected":false},"featured_media":5438,"template":"","meta":{"_acf_changed":false,"_seopress_robots_primary_cat":"none","_seopress_titles_title":"","_seopress_titles_desc":"","_seopress_robots_index":""},"product_brand":[],"product_cat":[42,91,92],"product_tag":[],"class_list":{"0":"post-5435","1":"product","2":"type-product","3":"status-publish","4":"has-post-thumbnail","6":"product_cat-diabolos","7":"product_cat-diabolos-intermedios","8":"product_cat-diabolos-profesionales","9":"pa_color-amarillo","10":"pa_color-naranja","11":"pa_color-verde","12":"pa_marca-henrys","13":"pa_precio-100-mas","15":"first","16":"instock","17":"shipping-taxable","18":"purchasable","19":"product-type-variable"},"acf":[],"_links":{"self":[{"href":"https:\/\/juguetesjaku.com\/index.php?rest_route=\/wp\/v2\/product\/5435","targetHints":{"allow":["GET"]}}],"collection":[{"href":"https:\/\/juguetesjaku.com\/index.php?rest_route=\/wp\/v2\/product"}],"about":[{"href":"https:\/\/juguetesjaku.com\/index.php?rest_route=\/wp\/v2\/types\/product"}],"wp:featuredmedia":[{"embeddable":true,"href":"https:\/\/juguetesjaku.com\/index.php?rest_route=\/wp\/v2\/media\/5438"}],"wp:attachment":[{"href":"https:\/\/juguetesjaku.com\/index.php?rest_route=%2Fwp%2Fv2%2Fmedia&parent=5435"}],"wp:term":[{"taxonomy":"product_brand","embeddable":true,"href":"https:\/\/juguetesjaku.com\/index.php?rest_route=%2Fwp%2Fv2%2Fproduct_brand&post=5435"},{"taxonomy":"product_cat","embeddable":true,"href":"https:\/\/juguetesjaku.com\/index.php?rest_route=%2Fwp%2Fv2%2Fproduct_cat&post=5435"},{"taxonomy":"product_tag","embeddable":true,"href":"https:\/\/juguetesjaku.com\/index.php?rest_route=%2Fwp%2Fv2%2Fproduct_tag&post=5435"}],"curies":[{"name":"wp","href":"https:\/\/api.w.org\/{rel}","templated":true}]}}