{"id":6437,"date":"2020-12-22T09:36:37","date_gmt":"2020-12-22T09:36:37","guid":{"rendered":"https:\/\/juguetesjaku.com\/?post_type=product&#038;p=6437"},"modified":"2022-12-10T08:38:00","modified_gmt":"2022-12-10T08:38:00","slug":"diabolo-sundia-evo-g2","status":"publish","type":"product","link":"https:\/\/juguetesjaku.com\/?product=diabolo-sundia-evo-g2","title":{"rendered":"Diabolo Sundia Evo G2"},"content":{"rendered":"<p>El diabolo Sundia EVO G2 (copas suaves) de eje fijo tiene un revolucionario dise\u00f1o, con un anillo de estabilidad patentado y un eje h\u00edbrido.<\/p>\n<p>Ha sido radicalmente redise\u00f1ado para aumentar la fuerza centr\u00edfuga del di\u00e1bolo giratorio, y dar una mejor distribuci\u00f3n del peso.<\/p>\n<p>El resultado es una estabilidad incre\u00edble y un giro insuperable: pesa s\u00f3lo 250 g pero tiene la estabilidad y el giro de di\u00e1bolos mucho m\u00e1s pesados.<\/p>\n<p>El Eje H\u00edbrido es una combinaci\u00f3n de un eje central duradero con laterales de aluminio revestido de tefl\u00f3n para reducir la fricci\u00f3n de la cuerda, lo que significa menos inclinaci\u00f3n.<\/p>\n<p>Esto no s\u00f3lo reduce el peso central, sino que tambi\u00e9n permite m\u00faltiples vueltas con muchas menos posibilidades de que la cuerda se agarre causando una envoltura (2, 3, incluso 4 vueltas no son problema).<\/p>\n<p>Caracter\u00edsticas: Peso: 250 gr | Altura: 14,5 cm | Di\u00e1metro: 12,7 cm | Marca: Sundia<\/p>\n<p><strong>*No incluye baquetas<\/strong>, te recomendamos visitar la <a href=\"https:\/\/juguetesjaku.com\/categoria\/diabolos\/baquetas-diabolo\/\"><strong>secci\u00f3n\u00a0baquetas de diabolo<\/strong><\/a>\u00a0y escoger la que m\u00e1s se acople a tus necesidades.<\/p>\n","protected":false},"excerpt":{"rendered":"<p>El diabolo Sundia EVO G2 (copas suaves) de eje fijo tiene un revolucionario dise\u00f1o, con un anillo de estabilidad patentado y un eje h\u00edbrido. Ha sido radicalmente redise\u00f1ado para aumentar la fuerza centr\u00edfuga del di\u00e1bolo giratorio, y dar una mejor distribuci\u00f3n del peso. El resultado es una estabilidad incre\u00edble y un giro insuperable: pesa s\u00f3lo 250 g pero tiene la estabilidad y el giro de di\u00e1bolos mucho m\u00e1s pesados. El Eje H\u00edbrido es una combinaci\u00f3n de un eje central duradero con laterales de aluminio revestido de tefl\u00f3n para reducir la fricci\u00f3n de la cuerda, lo que significa menos inclinaci\u00f3n. Esto no s\u00f3lo reduce el peso central, sino que tambi\u00e9n permite m\u00faltiples vueltas con muchas menos posibilidades de que la cuerda se agarre causando una envoltura (2, 3, incluso 4 vueltas no son problema).<\/p>\n<p>Caracter\u00edsticas: Peso: 250 gr | Altura: 14,5 cm | Di\u00e1metro: 12,7 cm | Marca: Sundia<\/p>\n<p><strong>*No incluye baquetas<\/strong>, te recomendamos visitar la <a href=\"https:\/\/juguetesjaku.com\/categoria\/diabolos\/baquetas-diabolo\/\"><strong>secci\u00f3n\u00a0baquetas de diabolo<\/strong><\/a>\u00a0y escoger la que m\u00e1s se acople a tus necesidades.<\/p>\n<p><strong>*La oferta se debe a que las copas del diabolo tienen manchitas amarillas que desaparecen despu\u00e9s del primer uso.<\/strong><\/p>\n","protected":false},"featured_media":6438,"template":"","meta":{"_acf_changed":false,"_seopress_robots_primary_cat":"none","_seopress_titles_title":"","_seopress_titles_desc":"El diabolo Sundia EVO G2 (copas suaves) de eje fijo tiene un revolucionario dise\u00f1o, con un anillo de estabilidad patentado y un eje h\u00edbrido.","_seopress_robots_index":""},"product_brand":[],"product_cat":[178,42,92],"product_tag":[],"class_list":{"0":"post-6437","1":"product","2":"type-product","3":"status-publish","4":"has-post-thumbnail","6":"product_cat-ofertas","7":"product_cat-diabolos","8":"product_cat-diabolos-profesionales","9":"pa_color-azul","10":"pa_marca-sundia","11":"pa_precio-100-mas","13":"first","14":"instock","15":"sale","16":"shipping-taxable","17":"purchasable","18":"product-type-variable"},"acf":[],"_links":{"self":[{"href":"https:\/\/juguetesjaku.com\/index.php?rest_route=\/wp\/v2\/product\/6437","targetHints":{"allow":["GET"]}}],"collection":[{"href":"https:\/\/juguetesjaku.com\/index.php?rest_route=\/wp\/v2\/product"}],"about":[{"href":"https:\/\/juguetesjaku.com\/index.php?rest_route=\/wp\/v2\/types\/product"}],"wp:featuredmedia":[{"embeddable":true,"href":"https:\/\/juguetesjaku.com\/index.php?rest_route=\/wp\/v2\/media\/6438"}],"wp:attachment":[{"href":"https:\/\/juguetesjaku.com\/index.php?rest_route=%2Fwp%2Fv2%2Fmedia&parent=6437"}],"wp:term":[{"taxonomy":"product_brand","embeddable":true,"href":"https:\/\/juguetesjaku.com\/index.php?rest_route=%2Fwp%2Fv2%2Fproduct_brand&post=6437"},{"taxonomy":"product_cat","embeddable":true,"href":"https:\/\/juguetesjaku.com\/index.php?rest_route=%2Fwp%2Fv2%2Fproduct_cat&post=6437"},{"taxonomy":"product_tag","embeddable":true,"href":"https:\/\/juguetesjaku.com\/index.php?rest_route=%2Fwp%2Fv2%2Fproduct_tag&post=6437"}],"curies":[{"name":"wp","href":"https:\/\/api.w.org\/{rel}","templated":true}]}}