{"id":6440,"date":"2020-12-22T09:44:59","date_gmt":"2020-12-22T09:44:59","guid":{"rendered":"https:\/\/juguetesjaku.com\/?post_type=product&#038;p=6440"},"modified":"2021-09-17T20:44:34","modified_gmt":"2021-09-17T20:44:34","slug":"escupidor-de-fuego","status":"publish","type":"product","link":"https:\/\/juguetesjaku.com\/?product=escupidor-de-fuego","title":{"rendered":"Escupidor de Fuego"},"content":{"rendered":"<p>El Escupidor de Fuego est\u00e1 fabricado con aluminio pulido y montado con un c\u00f3modo mango de EVA de 16 cm para mayor seguridad.<\/p>\n<p>La cabeza est\u00e1 envuelta en fibra de aramida de 50mm, ideal para tiempos cortos de combusti\u00f3n con el combustible apropiado.<\/p>\n<p>La mecha se ha fijado con tornillos, por lo que es f\u00e1cilmente rescupidor eemplazable.<\/p>\n<p><strong>Tenga en cuenta que la respiraci\u00f3n y el escupir fuego es excepcionalmente peligroso y un arte circense potencialmente letal - los palos para escupir fuego s\u00f3lo est\u00e1n disponibles para personas mayores de 18 a\u00f1os.<\/strong><\/p>\n<p>Por favor, aseg\u00farate de que est\u00e1s adecuadamente entrenado antes de usar este accesorio.<\/p>\n","protected":false},"excerpt":{"rendered":"<p>El Escupidor de Fuego est\u00e1 fabricado con aluminio pulido y montado con un c\u00f3modo mango de EVA de 16 cm para mayor seguridad. La cabeza est\u00e1 envuelta en fibra de aramida de 50mm, ideal para tiempos cortos de combusti\u00f3n con el combustible apropiado. La mecha se ha fijado con tornillos, por lo que es f\u00e1cilmente rescupidor eemplazable. Por favor, aseg\u00farate de que est\u00e1s adecuadamente entrenado antes de usar este accesorio.<\/p>\n<p><strong>*Tenga en cuenta que la respiraci\u00f3n y el escupir fuego es excepcionalmente peligroso y un arte circense potencialmente letal - los palos para escupir fuego s\u00f3lo est\u00e1n disponibles para personas mayores de 18 a\u00f1os.<\/strong><\/p>\n","protected":false},"featured_media":6442,"template":"","meta":{"_acf_changed":false,"_seopress_robots_primary_cat":"none","_seopress_titles_title":"","_seopress_titles_desc":"El Escupidor de Fuego est\u00e1 fabricado con aluminio pulido y montado con un c\u00f3modo mango de EVA de 16 cm para mayor seguridad.","_seopress_robots_index":""},"product_brand":[],"product_cat":[136,178],"product_tag":[],"class_list":{"0":"post-6440","1":"product","2":"type-product","3":"status-publish","4":"has-post-thumbnail","6":"product_cat-malabares-fuego","7":"product_cat-ofertas","8":"pa_color-rojo","9":"pa_marca-jd","10":"pa_precio-31-70","12":"first","13":"instock","14":"sale","15":"shipping-taxable","16":"purchasable","17":"product-type-variable"},"acf":[],"_links":{"self":[{"href":"https:\/\/juguetesjaku.com\/index.php?rest_route=\/wp\/v2\/product\/6440","targetHints":{"allow":["GET"]}}],"collection":[{"href":"https:\/\/juguetesjaku.com\/index.php?rest_route=\/wp\/v2\/product"}],"about":[{"href":"https:\/\/juguetesjaku.com\/index.php?rest_route=\/wp\/v2\/types\/product"}],"wp:featuredmedia":[{"embeddable":true,"href":"https:\/\/juguetesjaku.com\/index.php?rest_route=\/wp\/v2\/media\/6442"}],"wp:attachment":[{"href":"https:\/\/juguetesjaku.com\/index.php?rest_route=%2Fwp%2Fv2%2Fmedia&parent=6440"}],"wp:term":[{"taxonomy":"product_brand","embeddable":true,"href":"https:\/\/juguetesjaku.com\/index.php?rest_route=%2Fwp%2Fv2%2Fproduct_brand&post=6440"},{"taxonomy":"product_cat","embeddable":true,"href":"https:\/\/juguetesjaku.com\/index.php?rest_route=%2Fwp%2Fv2%2Fproduct_cat&post=6440"},{"taxonomy":"product_tag","embeddable":true,"href":"https:\/\/juguetesjaku.com\/index.php?rest_route=%2Fwp%2Fv2%2Fproduct_tag&post=6440"}],"curies":[{"name":"wp","href":"https:\/\/api.w.org\/{rel}","templated":true}]}}