{"id":6450,"date":"2020-12-22T10:18:04","date_gmt":"2020-12-22T10:18:04","guid":{"rendered":"https:\/\/juguetesjaku.com\/?post_type=product&#038;p=6450"},"modified":"2021-11-10T12:52:26","modified_gmt":"2021-11-10T12:52:26","slug":"diabolo-hyperspin-t-rodaje","status":"publish","type":"product","link":"https:\/\/juguetesjaku.com\/?product=diabolo-hyperspin-t-rodaje","title":{"rendered":"Diabolo Hyperspin T Rodaje"},"content":{"rendered":"<p>El diabolo Hyperspin T-Rodaje (Bearing) es oficialmente el di\u00e1bolo giratorio m\u00e1s largo del mundo.<\/p>\n<p>Tiene un centro integrado original con copas \u00fanicas de doble molde, la secci\u00f3n exterior es intencionadamente m\u00e1s pesada, mejorando enormemente el giro del di\u00e1bolo.<\/p>\n<p>La secci\u00f3n interna es transl\u00facida, haciendo que el di\u00e1bolo sea muy atractivo y adecuado para los kits de LED.<\/p>\n<p>Probado en diabolo.ca con las mejores cr\u00edticas y utilizado por profesionales de todo el mundo.<\/p>\n<p>En pocas palabras, este di\u00e1bolo es para aquellos que quieren lo mejor.<\/p>\n<p><strong>*No incluye baquetas,\u00a0<\/strong>te recomendamos visitar la <a href=\"https:\/\/juguetesjaku.com\/categoria\/diabolos\/baquetas-diabolo\/\"><strong>secci\u00f3n\u00a0baquetas de diabolo<\/strong><\/a>\u00a0y escoger la que m\u00e1s se acople a tus necesidades.<\/p>\n","protected":false},"excerpt":{"rendered":"<p>El diabolo Hyperspin T-Rodaje (Bearing) es oficialmente el di\u00e1bolo giratorio m\u00e1s largo del mundo. Tiene un centro integrado original con copas \u00fanicas de doble molde, la secci\u00f3n exterior es intencionadamente m\u00e1s pesada, mejorando enormemente el giro del di\u00e1bolo. La secci\u00f3n interna es transl\u00facida, haciendo que el di\u00e1bolo sea muy atractivo y adecuado para los kits de LED. Probado en diabolo.ca con las mejores cr\u00edticas y utilizado por profesionales de todo el mundo. En pocas palabras, este di\u00e1bolo es para aquellos que quieren lo mejor.<\/p>\n<p><strong>*No incluye baquetas<\/strong>,\u00a0te recomendamos visitar la <strong><a href=\"https:\/\/juguetesjaku.com\/categoria\/diabolos\/baquetas-diabolo\/\">secci\u00f3n\u00a0baquetas de diabolo<\/a><\/strong>\u00a0y escoger la que m\u00e1s se acople a tus necesidades.<\/p>\n","protected":false},"featured_media":6451,"template":"","meta":{"_acf_changed":false,"_seopress_robots_primary_cat":"none","_seopress_titles_title":"","_seopress_titles_desc":"El diabolo Hyperspin T-Rodaje (Bearing) es oficialmente el di\u00e1bolo giratorio m\u00e1s largo del mundo.","_seopress_robots_index":""},"product_brand":[],"product_cat":[227,178,42,92],"product_tag":[],"class_list":{"0":"post-6450","1":"product","2":"type-product","3":"status-publish","4":"has-post-thumbnail","6":"product_cat-nuevos-juguetes","7":"product_cat-ofertas","8":"product_cat-diabolos","9":"product_cat-diabolos-profesionales","10":"pa_color-amarillo","11":"pa_marca-hyperspin","12":"pa_precio-100-mas","14":"first","15":"instock","16":"sale","17":"shipping-taxable","18":"purchasable","19":"product-type-variable"},"acf":[],"_links":{"self":[{"href":"https:\/\/juguetesjaku.com\/index.php?rest_route=\/wp\/v2\/product\/6450","targetHints":{"allow":["GET"]}}],"collection":[{"href":"https:\/\/juguetesjaku.com\/index.php?rest_route=\/wp\/v2\/product"}],"about":[{"href":"https:\/\/juguetesjaku.com\/index.php?rest_route=\/wp\/v2\/types\/product"}],"wp:featuredmedia":[{"embeddable":true,"href":"https:\/\/juguetesjaku.com\/index.php?rest_route=\/wp\/v2\/media\/6451"}],"wp:attachment":[{"href":"https:\/\/juguetesjaku.com\/index.php?rest_route=%2Fwp%2Fv2%2Fmedia&parent=6450"}],"wp:term":[{"taxonomy":"product_brand","embeddable":true,"href":"https:\/\/juguetesjaku.com\/index.php?rest_route=%2Fwp%2Fv2%2Fproduct_brand&post=6450"},{"taxonomy":"product_cat","embeddable":true,"href":"https:\/\/juguetesjaku.com\/index.php?rest_route=%2Fwp%2Fv2%2Fproduct_cat&post=6450"},{"taxonomy":"product_tag","embeddable":true,"href":"https:\/\/juguetesjaku.com\/index.php?rest_route=%2Fwp%2Fv2%2Fproduct_tag&post=6450"}],"curies":[{"name":"wp","href":"https:\/\/api.w.org\/{rel}","templated":true}]}}