{"id":6455,"date":"2020-12-22T11:20:52","date_gmt":"2020-12-22T11:20:52","guid":{"rendered":"https:\/\/juguetesjaku.com\/?post_type=product&#038;p=6455"},"modified":"2021-11-10T12:51:30","modified_gmt":"2021-11-10T12:51:30","slug":"baquetas-deos-carbono","status":"publish","type":"product","link":"https:\/\/juguetesjaku.com\/?product=baquetas-deos-carbono","title":{"rendered":"Baquetas DEOS Carbono"},"content":{"rendered":"<p>Las baquetas DEOS Carbono son probablemente las baquetas de diabolo m\u00e1s usadas por los mejores diabolistas del mundo.<\/p>\n<p>Est\u00e1n hechas de carbono de alta resistencia que es 5 veces m\u00e1s fuerte que el carbono convencional.<\/p>\n<p>Vienen con c\u00f3modos mangos de silicona, un eje de carbono fuerte y coloreado<br \/>\ny tapas de aluminio.<\/p>\n<p>La estructura de carbono absorbe f\u00e1cilmente el peso y la flexibilidad del palo es \u00f3ptimo para casi todos los trucos.<\/p>\n<p>Caracter\u00edsticas: Largo: 31.5cm | Peso: 34g | Marca: Play (Italia)<\/p>\n<p><strong>*No incluyen<\/strong> cuerda de diabolo.<\/p>\n","protected":false},"excerpt":{"rendered":"<p>Las baquetas DEOS Carbono son probablemente las baquetas de diabolo m\u00e1s usadas por los mejores diabolistas del mundo.Est\u00e1n hechas de carbono de alta resistencia que es 5 veces m\u00e1s fuerte que el carbono convencional. Vienen con c\u00f3modos mangos de silicona, un eje de carbono fuerte y coloreado<br \/>\ny tapas de aluminio. La estructura de carbono absorbe f\u00e1cilmente el peso y la flexibilidad del palo es \u00f3ptimo para casi todos los trucos. Caracter\u00edsticas: Largo: 31.5cm | Peso: 34g | Marca: Play (Italia)<\/p>\n<p><strong>*No incluyen<\/strong> cuerda de diabolo.<\/p>\n","protected":false},"featured_media":6456,"template":"","meta":{"_acf_changed":false,"_seopress_robots_primary_cat":"none","_seopress_titles_title":"","_seopress_titles_desc":"Las baquetas DEOS Carbono son probablemente las baquetas de diabolo m\u00e1s usadas por los mejores diabolistas del mundo.","_seopress_robots_index":""},"product_brand":[],"product_cat":[117,227,42],"product_tag":[],"class_list":{"0":"post-6455","1":"product","2":"type-product","3":"status-publish","4":"has-post-thumbnail","6":"product_cat-baquetas-diabolo","7":"product_cat-nuevos-juguetes","8":"product_cat-diabolos","9":"pa_color-azul","10":"pa_color-blanco","11":"pa_color-rojo","12":"pa_marca-play-juggling","13":"pa_precio-100-mas","15":"first","16":"instock","17":"shipping-taxable","18":"purchasable","19":"product-type-variable"},"acf":[],"_links":{"self":[{"href":"https:\/\/juguetesjaku.com\/index.php?rest_route=\/wp\/v2\/product\/6455","targetHints":{"allow":["GET"]}}],"collection":[{"href":"https:\/\/juguetesjaku.com\/index.php?rest_route=\/wp\/v2\/product"}],"about":[{"href":"https:\/\/juguetesjaku.com\/index.php?rest_route=\/wp\/v2\/types\/product"}],"wp:featuredmedia":[{"embeddable":true,"href":"https:\/\/juguetesjaku.com\/index.php?rest_route=\/wp\/v2\/media\/6456"}],"wp:attachment":[{"href":"https:\/\/juguetesjaku.com\/index.php?rest_route=%2Fwp%2Fv2%2Fmedia&parent=6455"}],"wp:term":[{"taxonomy":"product_brand","embeddable":true,"href":"https:\/\/juguetesjaku.com\/index.php?rest_route=%2Fwp%2Fv2%2Fproduct_brand&post=6455"},{"taxonomy":"product_cat","embeddable":true,"href":"https:\/\/juguetesjaku.com\/index.php?rest_route=%2Fwp%2Fv2%2Fproduct_cat&post=6455"},{"taxonomy":"product_tag","embeddable":true,"href":"https:\/\/juguetesjaku.com\/index.php?rest_route=%2Fwp%2Fv2%2Fproduct_tag&post=6455"}],"curies":[{"name":"wp","href":"https:\/\/api.w.org\/{rel}","templated":true}]}}