{"id":6842,"date":"2021-01-17T14:58:21","date_gmt":"2021-01-17T14:58:21","guid":{"rendered":"https:\/\/juguetesjaku.com\/?post_type=product&#038;p=6842"},"modified":"2024-06-04T19:05:54","modified_gmt":"2024-06-04T19:05:54","slug":"yoyo-loop-360","status":"publish","type":"product","link":"https:\/\/juguetesjaku.com\/?product=yoyo-loop-360","title":{"rendered":"Yoyo Loop 360"},"content":{"rendered":"<p>El yoyo Loop 360 est\u00e1 dise\u00f1ado especial para hacer trucos de estilo looping, los cuales sin duda, son impresionantes de ver. Lo dif\u00edcil es encontrar un yoyo que sea consistente, f\u00e1cil de aprender, f\u00e1cil de mantener y lo suficientemente barato como para no romper tu presupuesto. YoYoFactory responde a la llamada con este yoyo. La forma es c\u00f3moda y no es ofensiva, no hay partes peque\u00f1as que perder, y funciona como un amuleto reci\u00e9n salido de la caja. En pocas palabras, el Loop 360 es el mejor yoyo para aquellos interesados en perfeccionar sus habilidades en el looping.<\/p>\n<p><strong>*Para un buen juego, se recomienda adquirir un <a href=\"https:\/\/juguetesjaku.com\/tienda\/juguetes-destreza\/yo-yos\/set-cuerdas-yoyo\/\">Set x 10 cuerdas de Yo-Yo<\/a>.<\/strong><\/p>\n","protected":false},"excerpt":{"rendered":"<p>El yoyo Loop 360 est\u00e1 dise\u00f1ado especial para hacer trucos de estilo looping, los cuales sin duda, son impresionantes de ver. Lo dif\u00edcil es encontrar un yoyo que sea consistente, f\u00e1cil de aprender, f\u00e1cil de mantener y lo suficientemente barato como para no romper tu presupuesto. YoYoFactory responde a la llamada con este yoyo. La forma es c\u00f3moda y no es ofensiva, no hay partes peque\u00f1as que perder, y funciona como un amuleto reci\u00e9n salido de la caja. En pocas palabras, el Loop 360 es el mejor yoyo para aquellos interesados en perfeccionar sus habilidades en el looping.<\/p>\n<p><strong>*Para un buen juego, se recomienda adquirir un <a href=\"https:\/\/juguetesjaku.com\/tienda\/juguetes-destreza\/yo-yos\/set-cuerdas-yoyo\/\">Set x 10 cuerdas de Yo-Yo<\/a>.<\/strong><\/p>\n","protected":false},"featured_media":7011,"template":"","meta":{"_acf_changed":false,"_seopress_robots_primary_cat":"none","_seopress_titles_title":"","_seopress_titles_desc":"El yoyo Loop 360 est\u00e1 dise\u00f1ado especial para hacer trucos de estilo looping, los cuales sin duda, son impresionantes de ver.","_seopress_robots_index":""},"product_brand":[],"product_cat":[123,74],"product_tag":[],"class_list":{"0":"post-6842","1":"product","2":"type-product","3":"status-publish","4":"has-post-thumbnail","6":"product_cat-yoyos","7":"product_cat-juguetes-destreza","8":"pa_color-azul","9":"pa_color-blanco","10":"pa_color-verde","11":"pa_marca-yoyofactory","12":"pa_precio-31-70","14":"first","15":"instock","16":"shipping-taxable","17":"purchasable","18":"product-type-variable"},"acf":[],"_links":{"self":[{"href":"https:\/\/juguetesjaku.com\/index.php?rest_route=\/wp\/v2\/product\/6842","targetHints":{"allow":["GET"]}}],"collection":[{"href":"https:\/\/juguetesjaku.com\/index.php?rest_route=\/wp\/v2\/product"}],"about":[{"href":"https:\/\/juguetesjaku.com\/index.php?rest_route=\/wp\/v2\/types\/product"}],"wp:featuredmedia":[{"embeddable":true,"href":"https:\/\/juguetesjaku.com\/index.php?rest_route=\/wp\/v2\/media\/7011"}],"wp:attachment":[{"href":"https:\/\/juguetesjaku.com\/index.php?rest_route=%2Fwp%2Fv2%2Fmedia&parent=6842"}],"wp:term":[{"taxonomy":"product_brand","embeddable":true,"href":"https:\/\/juguetesjaku.com\/index.php?rest_route=%2Fwp%2Fv2%2Fproduct_brand&post=6842"},{"taxonomy":"product_cat","embeddable":true,"href":"https:\/\/juguetesjaku.com\/index.php?rest_route=%2Fwp%2Fv2%2Fproduct_cat&post=6842"},{"taxonomy":"product_tag","embeddable":true,"href":"https:\/\/juguetesjaku.com\/index.php?rest_route=%2Fwp%2Fv2%2Fproduct_tag&post=6842"}],"curies":[{"name":"wp","href":"https:\/\/api.w.org\/{rel}","templated":true}]}}