{"id":8147,"date":"2021-10-13T09:39:08","date_gmt":"2021-10-13T09:39:08","guid":{"rendered":"https:\/\/juguetesjaku.com\/?post_type=product&#038;p=8147"},"modified":"2022-12-10T08:19:57","modified_gmt":"2022-12-10T08:19:57","slug":"kendama-catchy-air","status":"publish","type":"product","link":"https:\/\/juguetesjaku.com\/?product=kendama-catchy-air","title":{"rendered":"Kendama Catchy Air"},"content":{"rendered":"<p>El Kendama Catchy se propuso cambiar el estigma del kendama de pl\u00e1stico con su nuevo producto y, una vez que juegues con \u00e9l, estar\u00e1s de acuerdo en que lo han conseguido. Este no es el t\u00edpico kendama de pl\u00e1stico novedoso: \u00a1es el nuevo Catchy Air! El Catchy Air es el kendama de pl\u00e1stico como nunca se ha hecho antes. Tiene una sensaci\u00f3n de solidez a pesar de ser transparente, tiene un gran peso a pesar de ser hueco y es extremadamente duradero a pesar de ser de pl\u00e1stico. La construcci\u00f3n \u00fanica del Catchy Air tambi\u00e9n ofrece algunas ventajas importantes con respecto a los kendamas de madera tradicionales. Con la construcci\u00f3n moldeada por inyecci\u00f3n no hay que adivinar el peso del ken\/tama; \u00a1cada ken\/tama tiene una precisi\u00f3n de 73,5 gramos! Y debido a que est\u00e1 hecho de pl\u00e1stico POM, el Catchy Air es s\u00faper duradero; la punta no se desvanecer\u00e1 y no hay pintura que se astille o abulte con el tiempo. \u00a1Ahora echa un vistazo a las copas; cada copa tiene una junta t\u00f3rica de goma que aumenta el agarre para ayudar con los trucos de equilibrio y amortigua el ruido para ayudar a mantener a tus vecinos cuerdos! El Kendama Catchy Air es una gran opci\u00f3n para los principiantes que buscan iniciarse en el kendama o para los jugadores avanzados que buscan practicar algunos trucos nuevos.<\/p>\n","protected":false},"excerpt":{"rendered":"<p>El Kendama Catchy se propuso cambiar el estigma del kendama de pl\u00e1stico con su nuevo producto y, una vez que juegues con \u00e9l, estar\u00e1s de acuerdo en que lo han conseguido. Este no es el t\u00edpico kendama de pl\u00e1stico novedoso: \u00a1es el nuevo Catchy Air! El Catchy Air es el kendama de pl\u00e1stico como nunca se ha hecho antes. Tiene una sensaci\u00f3n de solidez a pesar de ser transparente, tiene un gran peso a pesar de ser hueco y es extremadamente duradero a pesar de ser de pl\u00e1stico. La construcci\u00f3n \u00fanica del Catchy Air tambi\u00e9n ofrece algunas ventajas importantes con respecto a los kendamas de madera tradicionales. Con la construcci\u00f3n moldeada por inyecci\u00f3n no hay que adivinar el peso del ken\/tama; \u00a1cada ken\/tama tiene una precisi\u00f3n de 73,5 gramos! Y debido a que est\u00e1 hecho de pl\u00e1stico POM, el Catchy Air es s\u00faper duradero; la punta no se desvanecer\u00e1 y no hay pintura que se astille o abulte con el tiempo. \u00a1Ahora echa un vistazo a las copas; cada copa tiene una junta t\u00f3rica de goma que aumenta el agarre para ayudar con los trucos de equilibrio y amortigua el ruido para ayudar a mantener a tus vecinos cuerdos! El Kendama Catchy Air es una gran opci\u00f3n para los principiantes que buscan iniciarse en el kendama o para los jugadores avanzados que buscan practicar algunos trucos nuevos.<\/p>\n","protected":false},"featured_media":7938,"template":"","meta":{"_acf_changed":false,"_seopress_robots_primary_cat":"none","_seopress_titles_title":"Kendama Catchy Air | Jugueter\u00eda Jaku Per\u00fa","_seopress_titles_desc":"El Kendama Catchy se propuso cambiar el estigma del kendama de pl\u00e1stico con su nuevo producto, tienes que probar este kendama ultra resistente.","_seopress_robots_index":""},"product_brand":[],"product_cat":[124,227,178,74],"product_tag":[],"class_list":{"0":"post-8147","1":"product","2":"type-product","3":"status-publish","4":"has-post-thumbnail","6":"product_cat-kendamas","7":"product_cat-nuevos-juguetes","8":"product_cat-ofertas","9":"product_cat-juguetes-destreza","10":"pa_color-azul","11":"pa_color-gris","12":"pa_color-negro","13":"pa_marca-yoyofactory","14":"pa_precio-31-70","16":"first","17":"instock","18":"sale","19":"shipping-taxable","20":"purchasable","21":"product-type-variable"},"acf":[],"_links":{"self":[{"href":"https:\/\/juguetesjaku.com\/index.php?rest_route=\/wp\/v2\/product\/8147","targetHints":{"allow":["GET"]}}],"collection":[{"href":"https:\/\/juguetesjaku.com\/index.php?rest_route=\/wp\/v2\/product"}],"about":[{"href":"https:\/\/juguetesjaku.com\/index.php?rest_route=\/wp\/v2\/types\/product"}],"wp:featuredmedia":[{"embeddable":true,"href":"https:\/\/juguetesjaku.com\/index.php?rest_route=\/wp\/v2\/media\/7938"}],"wp:attachment":[{"href":"https:\/\/juguetesjaku.com\/index.php?rest_route=%2Fwp%2Fv2%2Fmedia&parent=8147"}],"wp:term":[{"taxonomy":"product_brand","embeddable":true,"href":"https:\/\/juguetesjaku.com\/index.php?rest_route=%2Fwp%2Fv2%2Fproduct_brand&post=8147"},{"taxonomy":"product_cat","embeddable":true,"href":"https:\/\/juguetesjaku.com\/index.php?rest_route=%2Fwp%2Fv2%2Fproduct_cat&post=8147"},{"taxonomy":"product_tag","embeddable":true,"href":"https:\/\/juguetesjaku.com\/index.php?rest_route=%2Fwp%2Fv2%2Fproduct_tag&post=8147"}],"curies":[{"name":"wp","href":"https:\/\/api.w.org\/{rel}","templated":true}]}}