{"id":8152,"date":"2021-10-13T09:48:53","date_gmt":"2021-10-13T09:48:53","guid":{"rendered":"https:\/\/juguetesjaku.com\/?post_type=product&#038;p=8152"},"modified":"2022-12-10T08:20:41","modified_gmt":"2022-12-10T08:20:41","slug":"kendama-catchy-air-led","status":"publish","type":"product","link":"https:\/\/juguetesjaku.com\/?product=kendama-catchy-air-led","title":{"rendered":"Kendama Catchy Air LED"},"content":{"rendered":"<p>Desaf\u00eda la noche con el nuevo Kendama Catch Air LED de policarbonato, mega resistente con luz LED rojo\/azul. Los LED son una luz fija (no parpadea) para dar un brillo relajante y le permite concentrarse en los trucos. Catchy LED est\u00e1 moldeado a partir de un policarbonato fuerte y de alto impacto construido para soportar el duro juego de Kendama. Construido seg\u00fan las especificaciones de Kendama, este es el primer Kendama de pl\u00e1stico que realmente est\u00e1 a la altura. Es ideal tanto para los principiantes como para los jugadores avanzados para divertirse por la noche. Las pilas son f\u00e1cilmente reemplazables y las luces se encienden y apagan f\u00e1cilmente con un interruptor.<\/p>\n","protected":false},"excerpt":{"rendered":"<p>Desaf\u00eda la noche con el nuevo Kendama Catch Air LED de policarbonato, mega resistente con luz LED rojo\/azul. Los LED son una luz fija (no parpadea) para dar un brillo relajante y le permite concentrarse en los trucos. Catchy LED est\u00e1 moldeado a partir de un policarbonato fuerte y de alto impacto construido para soportar el duro juego de Kendama. Construido seg\u00fan las especificaciones de Kendama, este es el primer Kendama de pl\u00e1stico que realmente est\u00e1 a la altura. Es ideal tanto para los principiantes como para los jugadores avanzados para divertirse por la noche. Las pilas son f\u00e1cilmente reemplazables y las luces se encienden y apagan f\u00e1cilmente con un interruptor.<\/p>\n","protected":false},"featured_media":7935,"template":"","meta":{"_acf_changed":false,"_seopress_robots_primary_cat":"none","_seopress_titles_title":"Kendama Catchy Air LED | Jugueter\u00eda Jaku Per\u00fa","_seopress_titles_desc":"Desaf\u00eda la noche con el nuevo Kendama Catch Air LED de policarbonato. Construido seg\u00fan las especificaciones de Kendama.","_seopress_robots_index":""},"product_brand":[],"product_cat":[124,227,178,74,20],"product_tag":[],"class_list":{"0":"post-8152","1":"product","2":"type-product","3":"status-publish","4":"has-post-thumbnail","6":"product_cat-kendamas","7":"product_cat-nuevos-juguetes","8":"product_cat-ofertas","9":"product_cat-juguetes-destreza","10":"product_cat-malabares-led","11":"pa_color-azul","12":"pa_color-blanco","13":"pa_color-rojo","14":"pa_marca-yoyofactory","15":"pa_precio-71-99","17":"first","18":"instock","19":"sale","20":"shipping-taxable","21":"purchasable","22":"product-type-simple"},"acf":[],"_links":{"self":[{"href":"https:\/\/juguetesjaku.com\/index.php?rest_route=\/wp\/v2\/product\/8152","targetHints":{"allow":["GET"]}}],"collection":[{"href":"https:\/\/juguetesjaku.com\/index.php?rest_route=\/wp\/v2\/product"}],"about":[{"href":"https:\/\/juguetesjaku.com\/index.php?rest_route=\/wp\/v2\/types\/product"}],"wp:featuredmedia":[{"embeddable":true,"href":"https:\/\/juguetesjaku.com\/index.php?rest_route=\/wp\/v2\/media\/7935"}],"wp:attachment":[{"href":"https:\/\/juguetesjaku.com\/index.php?rest_route=%2Fwp%2Fv2%2Fmedia&parent=8152"}],"wp:term":[{"taxonomy":"product_brand","embeddable":true,"href":"https:\/\/juguetesjaku.com\/index.php?rest_route=%2Fwp%2Fv2%2Fproduct_brand&post=8152"},{"taxonomy":"product_cat","embeddable":true,"href":"https:\/\/juguetesjaku.com\/index.php?rest_route=%2Fwp%2Fv2%2Fproduct_cat&post=8152"},{"taxonomy":"product_tag","embeddable":true,"href":"https:\/\/juguetesjaku.com\/index.php?rest_route=%2Fwp%2Fv2%2Fproduct_tag&post=8152"}],"curies":[{"name":"wp","href":"https:\/\/api.w.org\/{rel}","templated":true}]}}