{"id":8173,"date":"2021-10-13T13:17:22","date_gmt":"2021-10-13T13:17:22","guid":{"rendered":"https:\/\/juguetesjaku.com\/?post_type=product&#038;p=8173"},"modified":"2021-11-10T11:56:58","modified_gmt":"2021-11-10T11:56:58","slug":"diabolo-millenium-moon","status":"publish","type":"product","link":"https:\/\/juguetesjaku.com\/?product=diabolo-millenium-moon","title":{"rendered":"Diabolo Millenium Moon"},"content":{"rendered":"<p>El diabolo Millenium Moon de la marca Mister Babache de Suiza es una atracci\u00f3n absoluta en la oscuridad y, debido a su tama\u00f1o medio y su peso relativamente bajo, es ideal para ni\u00f1os y principiantes. Se recarga con la luz blanca.<\/p>\n","protected":false},"excerpt":{"rendered":"<p>El diabolo Millenium Moon de la marca Mister Babache de Suiza es una atracci\u00f3n absoluta en la oscuridad y, debido a su tama\u00f1o medio y su peso relativamente bajo, es ideal para ni\u00f1os y principiantes. Se recarga con la luz blanca.<\/p>\n","protected":false},"featured_media":8175,"template":"","meta":{"_acf_changed":false,"_seopress_robots_primary_cat":"none","_seopress_titles_title":"","_seopress_titles_desc":"El diabolo Millenium Moon de la marca Mister Babache de Suiza es una atracci\u00f3n absoluta en la oscuridad.","_seopress_robots_index":""},"product_brand":[],"product_cat":[227,42,90,20],"product_tag":[],"class_list":{"0":"post-8173","1":"product","2":"type-product","3":"status-publish","4":"has-post-thumbnail","6":"product_cat-nuevos-juguetes","7":"product_cat-diabolos","8":"product_cat-diabolos-basicos","9":"product_cat-malabares-led","10":"pa_color-fosforescente","11":"pa_marca-mister-babache","12":"pa_precio-100-mas","14":"first","15":"instock","16":"shipping-taxable","17":"purchasable","18":"product-type-simple"},"acf":[],"_links":{"self":[{"href":"https:\/\/juguetesjaku.com\/index.php?rest_route=\/wp\/v2\/product\/8173","targetHints":{"allow":["GET"]}}],"collection":[{"href":"https:\/\/juguetesjaku.com\/index.php?rest_route=\/wp\/v2\/product"}],"about":[{"href":"https:\/\/juguetesjaku.com\/index.php?rest_route=\/wp\/v2\/types\/product"}],"wp:featuredmedia":[{"embeddable":true,"href":"https:\/\/juguetesjaku.com\/index.php?rest_route=\/wp\/v2\/media\/8175"}],"wp:attachment":[{"href":"https:\/\/juguetesjaku.com\/index.php?rest_route=%2Fwp%2Fv2%2Fmedia&parent=8173"}],"wp:term":[{"taxonomy":"product_brand","embeddable":true,"href":"https:\/\/juguetesjaku.com\/index.php?rest_route=%2Fwp%2Fv2%2Fproduct_brand&post=8173"},{"taxonomy":"product_cat","embeddable":true,"href":"https:\/\/juguetesjaku.com\/index.php?rest_route=%2Fwp%2Fv2%2Fproduct_cat&post=8173"},{"taxonomy":"product_tag","embeddable":true,"href":"https:\/\/juguetesjaku.com\/index.php?rest_route=%2Fwp%2Fv2%2Fproduct_tag&post=8173"}],"curies":[{"name":"wp","href":"https:\/\/api.w.org\/{rel}","templated":true}]}}