{"id":8449,"date":"2021-11-24T10:15:18","date_gmt":"2021-11-24T10:15:18","guid":{"rendered":"https:\/\/juguetesjaku.com\/?post_type=product&#038;p=8449"},"modified":"2021-11-24T10:25:59","modified_gmt":"2021-11-24T10:25:59","slug":"pelota-led-slow-manchada","status":"publish","type":"product","link":"https:\/\/juguetesjaku.com\/?product=pelota-led-slow-manchada","title":{"rendered":"Set x 4 Pelotas LED Slow"},"content":{"rendered":"<p>Esta Pelota LED para malabares modelo Slow de 155gr y 70mm de di\u00e1metro usa 3 x LR44 bater\u00edas que deber\u00edan dar de cuatro a cinco horas de brillo. Excelente difusi\u00f3n de luz que cambia de color lentamente. Se trata de una pelota con peso profesional y suficientemente resistente como para sobrevivir a muchas ca\u00eddas en superficies dif\u00edciles. Las bater\u00edas est\u00e1n disponibles en la mayor\u00eda de las ferreter\u00edas o supermercados. La c\u00e1mara de la bater\u00eda se hunde dentro de la pelota - se activan las bolas girando el tap\u00f3n de rosca que se encuentra debajo de la superficie de la bola. La dispersi\u00f3n de luz de esta pelota led multicolor para malabares es grande, util\u00edzala en la noche para obtener el mejor efecto. Tenga en cuenta que debe quitar la protecci\u00f3n entre las bater\u00edas antes de usarlas por primera vez. Precio unitario.<\/p>\n","protected":false},"excerpt":{"rendered":"<p>Estas Pelotas LED para malabares modelo Slow de 155gr y 70mm de di\u00e1metro usan 3 x LR44 bater\u00edas que deber\u00edan dar de cuatro a cinco horas de brillo. Excelente difusi\u00f3n de luz que <strong>cambia de color lentamente. <\/strong>Se trata de una pelota con peso profesional y suficientemente resistente como para sobrevivir a muchas ca\u00eddas en superficies dif\u00edciles. Las bater\u00edas est\u00e1n disponibles en la mayor\u00eda de las ferreter\u00edas o supermercados. La c\u00e1mara de la bater\u00eda se hunde dentro de la pelota - se activan las bolas girando el tap\u00f3n de rosca que se encuentra debajo de la superficie de la bola. La dispersi\u00f3n de luz de esta pelota led multicolor para malabares es grande, util\u00edzala en la noche para obtener el mejor efecto. Tenga en cuenta que debe quitar la protecci\u00f3n entre las bater\u00edas antes de usarlas por primera vez.<\/p>\n<p><strong>*El precio de oferta se debe a que estas pelotas vinieron manchadas de f\u00e1brica. Funcionan perfectamente.<br \/>\n<\/strong><\/p>\n<p><strong>*Precio unitario.<\/strong><\/p>\n","protected":false},"featured_media":1891,"template":"","meta":{"_acf_changed":false,"_seopress_robots_primary_cat":"none","_seopress_titles_title":"","_seopress_titles_desc":"","_seopress_robots_index":""},"product_brand":[],"product_cat":[178,20,61,37],"product_tag":[],"class_list":{"0":"post-8449","1":"product","2":"type-product","3":"status-publish","4":"has-post-thumbnail","6":"product_cat-ofertas","7":"product_cat-malabares-led","8":"product_cat-malabares","9":"product_cat-pelotas-malabares","10":"pa_color-multicolor","11":"pa_marca-jaku","12":"pa_precio-31-70","14":"first","15":"instock","16":"sale","17":"shipping-taxable","18":"purchasable","19":"product-type-simple"},"acf":[],"_links":{"self":[{"href":"https:\/\/juguetesjaku.com\/index.php?rest_route=\/wp\/v2\/product\/8449","targetHints":{"allow":["GET"]}}],"collection":[{"href":"https:\/\/juguetesjaku.com\/index.php?rest_route=\/wp\/v2\/product"}],"about":[{"href":"https:\/\/juguetesjaku.com\/index.php?rest_route=\/wp\/v2\/types\/product"}],"wp:featuredmedia":[{"embeddable":true,"href":"https:\/\/juguetesjaku.com\/index.php?rest_route=\/wp\/v2\/media\/1891"}],"wp:attachment":[{"href":"https:\/\/juguetesjaku.com\/index.php?rest_route=%2Fwp%2Fv2%2Fmedia&parent=8449"}],"wp:term":[{"taxonomy":"product_brand","embeddable":true,"href":"https:\/\/juguetesjaku.com\/index.php?rest_route=%2Fwp%2Fv2%2Fproduct_brand&post=8449"},{"taxonomy":"product_cat","embeddable":true,"href":"https:\/\/juguetesjaku.com\/index.php?rest_route=%2Fwp%2Fv2%2Fproduct_cat&post=8449"},{"taxonomy":"product_tag","embeddable":true,"href":"https:\/\/juguetesjaku.com\/index.php?rest_route=%2Fwp%2Fv2%2Fproduct_tag&post=8449"}],"curies":[{"name":"wp","href":"https:\/\/api.w.org\/{rel}","templated":true}]}}