{"id":8450,"date":"2021-11-24T10:18:07","date_gmt":"2021-11-24T10:18:07","guid":{"rendered":"https:\/\/juguetesjaku.com\/?post_type=product&#038;p=8450"},"modified":"2021-11-24T10:24:23","modified_gmt":"2021-11-24T10:24:23","slug":"rebote-65mm-play-manchadas","status":"publish","type":"product","link":"https:\/\/juguetesjaku.com\/?product=rebote-65mm-play-manchadas","title":{"rendered":"Set x 4 Rebote 65mm Play"},"content":{"rendered":"<p>La Pelota Play Rebote 65mm de di\u00e1metro probablemente sea uno de los juguetes m\u00e1s famosos de la marca italiana Play. Esta pelota es la mejor de su clase dando hasta un 90% de rebote, es la m\u00e1s parecida a la pelota de rebote hecha de silicona, pero a un precio mejor precio. Disponible en diversos colores. Precio unitario<\/p>\n","protected":false},"excerpt":{"rendered":"<p>Set de 4 Pelotas Play Rebote 65mm de di\u00e1metro probablemente sea uno de los juguetes m\u00e1s famosos de la marca italiana Play. Estas pelotas son las mejores de su clase dando hasta un 90% de rebote, es la m\u00e1s parecida a la pelota de rebote hecha de silicona, pero a un precio mejor precio.<\/p>\n<p><strong>*El precio de oferta se debe a que estas pelotas vinieron ara\u00f1<\/strong><strong>adas o manchadas de f\u00e1brica (la diferencia es m\u00ednima).<\/strong><\/p>\n<p><strong>*Precio unitario<\/strong><\/p>\n","protected":false},"featured_media":1897,"template":"","meta":{"_acf_changed":false,"_seopress_robots_primary_cat":"none","_seopress_titles_title":"","_seopress_titles_desc":"","_seopress_robots_index":""},"product_brand":[],"product_cat":[178,61,37],"product_tag":[],"class_list":{"0":"post-8450","1":"product","2":"type-product","3":"status-publish","4":"has-post-thumbnail","6":"product_cat-ofertas","7":"product_cat-malabares","8":"product_cat-pelotas-malabares","9":"pa_color-amarillo","10":"pa_color-azul","11":"pa_color-blanco","12":"pa_color-naranja","13":"pa_color-rojo","14":"pa_color-verde","15":"pa_marca-play-juggling","16":"pa_precio-31-70","18":"first","19":"instock","20":"sale","21":"shipping-taxable","22":"purchasable","23":"product-type-variable"},"acf":[],"_links":{"self":[{"href":"https:\/\/juguetesjaku.com\/index.php?rest_route=\/wp\/v2\/product\/8450","targetHints":{"allow":["GET"]}}],"collection":[{"href":"https:\/\/juguetesjaku.com\/index.php?rest_route=\/wp\/v2\/product"}],"about":[{"href":"https:\/\/juguetesjaku.com\/index.php?rest_route=\/wp\/v2\/types\/product"}],"wp:featuredmedia":[{"embeddable":true,"href":"https:\/\/juguetesjaku.com\/index.php?rest_route=\/wp\/v2\/media\/1897"}],"wp:attachment":[{"href":"https:\/\/juguetesjaku.com\/index.php?rest_route=%2Fwp%2Fv2%2Fmedia&parent=8450"}],"wp:term":[{"taxonomy":"product_brand","embeddable":true,"href":"https:\/\/juguetesjaku.com\/index.php?rest_route=%2Fwp%2Fv2%2Fproduct_brand&post=8450"},{"taxonomy":"product_cat","embeddable":true,"href":"https:\/\/juguetesjaku.com\/index.php?rest_route=%2Fwp%2Fv2%2Fproduct_cat&post=8450"},{"taxonomy":"product_tag","embeddable":true,"href":"https:\/\/juguetesjaku.com\/index.php?rest_route=%2Fwp%2Fv2%2Fproduct_tag&post=8450"}],"curies":[{"name":"wp","href":"https:\/\/api.w.org\/{rel}","templated":true}]}}