{"id":8561,"date":"2021-12-07T07:19:01","date_gmt":"2021-12-07T07:19:01","guid":{"rendered":"https:\/\/juguetesjaku.com\/?post_type=product&#038;p=8561"},"modified":"2023-03-20T16:46:45","modified_gmt":"2023-03-20T16:46:45","slug":"antorcha-malabares-deluxe-sale","status":"publish","type":"product","link":"https:\/\/juguetesjaku.com\/?product=antorcha-malabares-deluxe-sale","title":{"rendered":"Antorcha Malabares Deluxe Sale"},"content":{"rendered":"<p>La Antorcha Malabares Deluxe es una antorcha decorada con un aspecto muy llamativo y se encuentra de oferta. Es muy agradable al tacto debido a su mango espiralado y su construcci\u00f3n s\u00f3lida. Cada antorcha tiene una mecha de 50mm de ancho y un aro de jebe para protecci\u00f3n ante las ca\u00eddas. La antorcha malabares deluxe tambi\u00e9n tiene un regaton de goma y est\u00e1 disponible con colores diferentes de decoraci\u00f3n.<\/p>\n<p><strong>*Este juguete de malabarismo es s\u00f3lo para profesionales.<\/strong><\/p>\n<p><strong>*La oferta se debe a que el protector met\u00e1lico del cono de madera se encuentra un poco\u00a0 doblado y un tornillo suelto. Esto puede ser arreglado por el usuario y este defecto no afecta al juego adecuado.<\/strong><\/p>\n<p><strong>*Precio por unidad<\/strong><\/p>\n","protected":false},"excerpt":{"rendered":"<p>La Antorcha Malabares Deluxe es una antorcha decorada con un aspecto muy llamativo. Es muy agradable al tacto debido a su mango espiralado y su construcci\u00f3n s\u00f3lida. Cada antorcha tiene una mecha de 50mm de ancho y un aro de jebe para protecci\u00f3n ante las ca\u00eddas. La antorcha malabares deluxe tambi\u00e9n tiene un regaton de goma y est\u00e1 disponible con colores diferentes de decoraci\u00f3n.<\/p>\n<p><strong>*Este juguete de malabarismo es s\u00f3lo para profesionales.<\/strong><\/p>\n<p><strong>*La oferta se debe a que el protector met\u00e1lico del cono de madera se encuentra un poco\u00a0 doblado y un tornillo suelto. Esto puede ser arreglado por el usuario y este defecto no afecta al juego adecuado.<\/strong><\/p>\n<p><strong>*Precio por unidad<\/strong><\/p>\n","protected":false},"featured_media":8459,"template":"","meta":{"_acf_changed":false,"_seopress_robots_primary_cat":"none","_seopress_titles_title":"","_seopress_titles_desc":"La Antorcha Malabares Deluxe se encuentra de oferta, consultar motivo.","_seopress_robots_index":""},"product_brand":[],"product_cat":[136,227,178,61,32],"product_tag":[],"class_list":{"0":"post-8561","1":"product","2":"type-product","3":"status-publish","4":"has-post-thumbnail","6":"product_cat-malabares-fuego","7":"product_cat-nuevos-juguetes","8":"product_cat-ofertas","9":"product_cat-malabares","10":"product_cat-clavas-malabares","11":"pa_color-amarillo","12":"pa_marca-jd","13":"pa_precio-100-mas","15":"first","16":"instock","17":"shipping-taxable","18":"purchasable","19":"product-type-variable"},"acf":[],"_links":{"self":[{"href":"https:\/\/juguetesjaku.com\/index.php?rest_route=\/wp\/v2\/product\/8561","targetHints":{"allow":["GET"]}}],"collection":[{"href":"https:\/\/juguetesjaku.com\/index.php?rest_route=\/wp\/v2\/product"}],"about":[{"href":"https:\/\/juguetesjaku.com\/index.php?rest_route=\/wp\/v2\/types\/product"}],"wp:featuredmedia":[{"embeddable":true,"href":"https:\/\/juguetesjaku.com\/index.php?rest_route=\/wp\/v2\/media\/8459"}],"wp:attachment":[{"href":"https:\/\/juguetesjaku.com\/index.php?rest_route=%2Fwp%2Fv2%2Fmedia&parent=8561"}],"wp:term":[{"taxonomy":"product_brand","embeddable":true,"href":"https:\/\/juguetesjaku.com\/index.php?rest_route=%2Fwp%2Fv2%2Fproduct_brand&post=8561"},{"taxonomy":"product_cat","embeddable":true,"href":"https:\/\/juguetesjaku.com\/index.php?rest_route=%2Fwp%2Fv2%2Fproduct_cat&post=8561"},{"taxonomy":"product_tag","embeddable":true,"href":"https:\/\/juguetesjaku.com\/index.php?rest_route=%2Fwp%2Fv2%2Fproduct_tag&post=8561"}],"curies":[{"name":"wp","href":"https:\/\/api.w.org\/{rel}","templated":true}]}}