{"id":8581,"date":"2021-12-07T09:24:54","date_gmt":"2021-12-07T09:24:54","guid":{"rendered":"https:\/\/juguetesjaku.com\/?post_type=product&#038;p=8581"},"modified":"2023-04-24T18:11:37","modified_gmt":"2023-04-24T18:11:37","slug":"diabolo-carrusel","status":"publish","type":"product","link":"https:\/\/juguetesjaku.com\/?product=diabolo-carrusel","title":{"rendered":"Diabolo Carrusel"},"content":{"rendered":"<p>El Diabolo Carrusel es un di\u00e1bolo de tama\u00f1o mediano, adecuado para ni\u00f1os y principiantes pero con la gran ventaja que es un diabolo de rodaje.<\/p>\n<p>Los diabolos de rodaje se conocen a veces como diabolos de enganche unidireccional. Como s\u00f3lo se puede hacer girar el di\u00e1bolo en una direcci\u00f3n, a algunas personas les resulta m\u00e1s f\u00e1cil aprender con \u00e9l.<\/p>\n<p>Tambi\u00e9n es mucho m\u00e1s f\u00e1cil hacer girar el di\u00e1bolo muy r\u00e1pido, ya que se puede enrollar la cuerda un par de veces alrededor del eje sin temor a que se enrede.<\/p>\n<p>Sin duda alguna, el Diabolo Carrusel es un excelente diabolo para aprender a jugar.<\/p>\n","protected":false},"excerpt":{"rendered":"<p>El Diabolo Carrusel es un di\u00e1bolo de tama\u00f1o mediano, adecuado para ni\u00f1os y principiantes pero con la gran ventaja que es un diabolo de rodaje. Los diabolos de rodaje se conocen a veces como diabolos de enganche unidireccional. Como s\u00f3lo se puede hacer girar el di\u00e1bolo en una direcci\u00f3n, a algunas personas les resulta m\u00e1s f\u00e1cil aprender con \u00e9l. Tambi\u00e9n es mucho m\u00e1s f\u00e1cil hacer girar el di\u00e1bolo muy r\u00e1pido, ya que se puede enrollar la cuerda un par de veces alrededor del eje sin temor a que se enrede. Sin duda alguna, el Diabolo Carrusel es un excelente diabolo para aprender a jugar.<\/p>\n","protected":false},"featured_media":8584,"template":"","meta":{"_acf_changed":false,"_seopress_robots_primary_cat":"none","_seopress_titles_title":"","_seopress_titles_desc":"El Diabolo Carrusel es un di\u00e1bolo de tama\u00f1o mediano, adecuado para ni\u00f1os y principiantes pero con la gran ventaja que es un diabolo de rodaje.","_seopress_robots_index":""},"product_brand":[],"product_cat":[227,42,90],"product_tag":[],"class_list":{"0":"post-8581","1":"product","2":"type-product","3":"status-publish","4":"has-post-thumbnail","6":"product_cat-nuevos-juguetes","7":"product_cat-diabolos","8":"product_cat-diabolos-basicos","9":"pa_color-azul","10":"pa_color-morado","11":"pa_color-naranja","12":"pa_color-rojo","13":"pa_color-verde","14":"pa_marca-jd","15":"pa_precio-71-99","17":"first","18":"instock","19":"shipping-taxable","20":"purchasable","21":"product-type-variable"},"acf":[],"_links":{"self":[{"href":"https:\/\/juguetesjaku.com\/index.php?rest_route=\/wp\/v2\/product\/8581","targetHints":{"allow":["GET"]}}],"collection":[{"href":"https:\/\/juguetesjaku.com\/index.php?rest_route=\/wp\/v2\/product"}],"about":[{"href":"https:\/\/juguetesjaku.com\/index.php?rest_route=\/wp\/v2\/types\/product"}],"wp:featuredmedia":[{"embeddable":true,"href":"https:\/\/juguetesjaku.com\/index.php?rest_route=\/wp\/v2\/media\/8584"}],"wp:attachment":[{"href":"https:\/\/juguetesjaku.com\/index.php?rest_route=%2Fwp%2Fv2%2Fmedia&parent=8581"}],"wp:term":[{"taxonomy":"product_brand","embeddable":true,"href":"https:\/\/juguetesjaku.com\/index.php?rest_route=%2Fwp%2Fv2%2Fproduct_brand&post=8581"},{"taxonomy":"product_cat","embeddable":true,"href":"https:\/\/juguetesjaku.com\/index.php?rest_route=%2Fwp%2Fv2%2Fproduct_cat&post=8581"},{"taxonomy":"product_tag","embeddable":true,"href":"https:\/\/juguetesjaku.com\/index.php?rest_route=%2Fwp%2Fv2%2Fproduct_tag&post=8581"}],"curies":[{"name":"wp","href":"https:\/\/api.w.org\/{rel}","templated":true}]}}