{"id":8628,"date":"2021-12-14T14:59:20","date_gmt":"2021-12-14T14:59:20","guid":{"rendered":"https:\/\/juguetesjaku.com\/?post_type=product&#038;p=8628"},"modified":"2022-10-24T13:58:41","modified_gmt":"2022-10-24T13:58:41","slug":"pois-led-multicolor-slow-sale","status":"publish","type":"product","link":"https:\/\/juguetesjaku.com\/?product=pois-led-multicolor-slow-sale","title":{"rendered":"Pois LED Multicolor Slow Sale"},"content":{"rendered":"<p>Los Pois LED Multicolor Slow (cambian de luz lentamente) son muy sencillos de usar y se ven absolutamente impresionantes cuando se giran de noche o en un lugar oscuro. Este juguete est\u00e1 compuesto por dos bolas LED de 70mm con luz LED multicolor. La luz se transforma lentamente entre un amplio espectro de colores y se ve muy bien ya sea con o sin movimiento. Los Pois LED Multicolor usa bater\u00edas LR44 para mantenerlas girando durante unas 6-8 horas. Las bater\u00edas est\u00e1n ocultas en una c\u00e1mara dentro de cada bola. Es posible que tenga que quitar los peque\u00f1os discos de papel cuando reciba la poi por primera vez para activar los LEDs. Adem\u00e1s, estos pois tienen correas de nylon ajustables, que le permiten hacer un cord\u00f3n m\u00e1s largo o m\u00e1s corto seg\u00fan su preferencia. M\u00e1s corto es mejor para los estilos de giro r\u00e1pido con trucos de contacto corporal - un cord\u00f3n m\u00e1s largo es m\u00e1s lento, elegante y m\u00e1s visual desde la distancia. Precio por par.<\/p>\n","protected":false},"excerpt":{"rendered":"<p>Los Pois LED Multicolor es muy sencillo de usar y se ve absolutamente impresionante cuando se gira de noche o en un lugar oscuro. Este juguete est\u00e1 compuesto por dos bolas LED de 70mm con luz LED multicolor. La luz se transforma lentamente entre un amplio espectro de colores y se ve muy bien ya sea con o sin movimiento. Los Pois LED Multicolor usa bater\u00edas LR44 para mantenerlas girando durante unas 6-8 horas. Las bater\u00edas est\u00e1n ocultas en una c\u00e1mara dentro de cada bola. Es posible que tenga que quitar los peque\u00f1os discos de papel cuando reciba la poi por primera vez para activar los LEDs. Adem\u00e1s, estos pois tienen correas de nylon ajustables, que le permiten hacer un cord\u00f3n m\u00e1s largo o m\u00e1s corto seg\u00fan su preferencia. M\u00e1s corto es mejor para los estilos de giro r\u00e1pido con trucos de contacto corporal - un cord\u00f3n m\u00e1s largo es m\u00e1s lento, elegante y m\u00e1s visual desde la distancia.<\/p>\n<p><strong>*El descuento se debe a que los pois cuentan con manchas amarillas casi invisibles, esto no afecta para nada la funcionalidad del juguete.<\/strong><\/p>\n<p><strong>*Precio por par<\/strong><\/p>\n","protected":false},"featured_media":1883,"template":"","meta":{"_acf_changed":false,"_seopress_robots_primary_cat":"none","_seopress_titles_title":"","_seopress_titles_desc":"Juguete en descuento.","_seopress_robots_index":""},"product_brand":[],"product_cat":[137,227,178,50,20],"product_tag":[],"class_list":{"0":"post-8628","1":"product","2":"type-product","3":"status-publish","4":"has-post-thumbnail","6":"product_cat-juguetes-giro","7":"product_cat-nuevos-juguetes","8":"product_cat-ofertas","9":"product_cat-pois-malabares","10":"product_cat-malabares-led","11":"pa_color-multicolor","12":"pa_marca-jaku","13":"pa_precio-100-mas","15":"first","16":"instock","17":"sale","18":"shipping-taxable","19":"purchasable","20":"product-type-simple"},"acf":[],"_links":{"self":[{"href":"https:\/\/juguetesjaku.com\/index.php?rest_route=\/wp\/v2\/product\/8628","targetHints":{"allow":["GET"]}}],"collection":[{"href":"https:\/\/juguetesjaku.com\/index.php?rest_route=\/wp\/v2\/product"}],"about":[{"href":"https:\/\/juguetesjaku.com\/index.php?rest_route=\/wp\/v2\/types\/product"}],"wp:featuredmedia":[{"embeddable":true,"href":"https:\/\/juguetesjaku.com\/index.php?rest_route=\/wp\/v2\/media\/1883"}],"wp:attachment":[{"href":"https:\/\/juguetesjaku.com\/index.php?rest_route=%2Fwp%2Fv2%2Fmedia&parent=8628"}],"wp:term":[{"taxonomy":"product_brand","embeddable":true,"href":"https:\/\/juguetesjaku.com\/index.php?rest_route=%2Fwp%2Fv2%2Fproduct_brand&post=8628"},{"taxonomy":"product_cat","embeddable":true,"href":"https:\/\/juguetesjaku.com\/index.php?rest_route=%2Fwp%2Fv2%2Fproduct_cat&post=8628"},{"taxonomy":"product_tag","embeddable":true,"href":"https:\/\/juguetesjaku.com\/index.php?rest_route=%2Fwp%2Fv2%2Fproduct_tag&post=8628"}],"curies":[{"name":"wp","href":"https:\/\/api.w.org\/{rel}","templated":true}]}}